{"id":706,"date":"2024-02-01T17:00:24","date_gmt":"2024-02-01T17:00:24","guid":{"rendered":"http:\/\/142.132.203.237\/~skonnert\/nyside\/?page_id=706"},"modified":"2026-02-01T09:23:51","modified_gmt":"2026-02-01T08:23:51","slug":"sejlplan","status":"publish","type":"page","link":"https:\/\/skonnertenmartha.dk\/index.php\/sejlplan\/","title":{"rendered":"Sejlplan"},"content":{"rendered":"<p>[et_pb_section fb_built=&#8221;1&#8243; fullwidth=&#8221;on&#8221; _builder_version=&#8221;4.16&#8243; animation_style=&#8221;slide&#8221; animation_direction=&#8221;top&#8221; animation_intensity_slide=&#8221;2%&#8221; animation_starting_opacity=&#8221;100%&#8221; global_colors_info=&#8221;{}&#8221;][et_pb_fullwidth_header title=&#8221;Sejlplan&#8221; content_max_width=&#8221;800px&#8221; _builder_version=&#8221;4.23.1&#8243; title_level=&#8221;h2&#8243; title_font=&#8221;Lato||||||||&#8221; title_font_size=&#8221;60px&#8221; title_line_height=&#8221;1.2em&#8221; content_font=&#8221;||||||||&#8221; content_font_size=&#8221;20px&#8221; content_line_height=&#8221;1.8em&#8221; background_color=&#8221;rgba(255, 255, 255, 0)&#8221; use_background_color_gradient=&#8221;on&#8221; background_color_gradient_direction=&#8221;90deg&#8221; background_color_gradient_stops=&#8221;rgba(0,0,0,0.75) 0%|rgba(0,0,0,0) 100%&#8221; background_color_gradient_overlays_image=&#8221;on&#8221; background_color_gradient_start=&#8221;rgba(0,0,0,0.75)&#8221; background_color_gradient_end=&#8221;rgba(0,0,0,0)&#8221; background_image=&#8221;https:\/\/skonnertenmartha.dk\/wp-content\/uploads\/2023\/11\/arbejdspause.jpg&#8221; custom_button_one=&#8221;on&#8221; button_one_text_size=&#8221;18px&#8221; button_one_bg_color=&#8221;#02d002&#8243; button_one_border_width=&#8221;8px&#8221; button_one_border_color=&#8221;#02d002&#8243; button_one_border_radius=&#8221;0px&#8221; button_one_letter_spacing=&#8221;1px&#8221; button_one_font=&#8221;Lato|700|||||||&#8221; button_one_use_icon=&#8221;off&#8221; custom_button_two=&#8221;on&#8221; button_two_text_size=&#8221;18px&#8221; button_two_text_color=&#8221;#353740&#8243; button_two_bg_color=&#8221;#ffffff&#8221; button_two_border_width=&#8221;8px&#8221; button_two_border_color=&#8221;#ffffff&#8221; button_two_border_radius=&#8221;0px&#8221; button_two_letter_spacing=&#8221;1px&#8221; button_two_font=&#8221;Lato|700|||||||&#8221; button_two_use_icon=&#8221;off&#8221; custom_margin=&#8221;|||&#8221; custom_padding=&#8221;8%||8%|&#8221; button_one_letter_spacing_hover=&#8221;1px&#8221; button_two_letter_spacing_hover=&#8221;1px&#8221; locked=&#8221;off&#8221; global_colors_info=&#8221;{}&#8221; button_one_text_size__hover_enabled=&#8221;off&#8221; button_two_text_size__hover_enabled=&#8221;off&#8221; button_one_text_color__hover_enabled=&#8221;off&#8221; button_two_text_color__hover_enabled=&#8221;off&#8221; button_one_border_width__hover_enabled=&#8221;off&#8221; button_two_border_width__hover_enabled=&#8221;off&#8221; button_one_border_color__hover_enabled=&#8221;off&#8221; button_two_border_color__hover_enabled=&#8221;off&#8221; button_one_border_radius__hover_enabled=&#8221;off&#8221; button_two_border_radius__hover_enabled=&#8221;off&#8221; button_one_letter_spacing__hover_enabled=&#8221;on&#8221; button_one_letter_spacing__hover=&#8221;1px&#8221; button_two_letter_spacing__hover_enabled=&#8221;on&#8221; button_two_letter_spacing__hover=&#8221;1px&#8221; button_one_bg_color__hover_enabled=&#8221;off&#8221; button_two_bg_color__hover_enabled=&#8221;off&#8221;][\/et_pb_fullwidth_header][\/et_pb_section][et_pb_section fb_built=&#8221;1&#8243; admin_label=&#8221;Information Section&#8221; _builder_version=&#8221;4.23.4&#8243; custom_padding=&#8221;23px||0px|||&#8221; global_colors_info=&#8221;{}&#8221;][et_pb_row use_custom_gutter=&#8221;on&#8221; admin_label=&#8221;Information Area&#8221; _builder_version=&#8221;4.23.4&#8243; max_width=&#8221;650px&#8221; custom_margin=&#8221;||||false|true&#8221; custom_padding=&#8221;||20px|||&#8221; use_custom_width=&#8221;on&#8221; custom_width_px=&#8221;650px&#8221; global_colors_info=&#8221;{}&#8221;][et_pb_column type=&#8221;4_4&#8243; _builder_version=&#8221;4.16&#8243; custom_padding=&#8221;|||&#8221; global_colors_info=&#8221;{}&#8221; custom_padding__hover=&#8221;|||&#8221;][et_pb_text admin_label=&#8221;Title&#8221; _builder_version=&#8221;4.23.4&#8243; text_font=&#8221;||||||||&#8221; header_font=&#8221;||||||||&#8221; header_2_font=&#8221;Lato||||||||&#8221; header_2_font_size=&#8221;36px&#8221; header_2_line_height=&#8221;1.5em&#8221; module_alignment=&#8221;center&#8221; custom_margin=&#8221;||15px|&#8221; custom_padding=&#8221;|||&#8221; animation_direction=&#8221;left&#8221; global_colors_info=&#8221;{}&#8221;]<\/p>\n<h1><\/h1>\n<h1>Tilmelding til \u00e5rets ture<\/h1>\n<p>[\/et_pb_text][\/et_pb_column][\/et_pb_row][et_pb_row column_structure=&#8221;3_5,2_5&#8243; use_custom_gutter=&#8221;on&#8221; admin_label=&#8221;Information Area&#8221; _builder_version=&#8221;4.23.4&#8243; max_width=&#8221;650px&#8221; custom_margin=&#8221;||||false|true&#8221; custom_padding=&#8221;||20px|||&#8221; use_custom_width=&#8221;on&#8221; custom_width_px=&#8221;650px&#8221; global_colors_info=&#8221;{}&#8221;][et_pb_column type=&#8221;3_5&#8243; _builder_version=&#8221;4.16&#8243; custom_padding=&#8221;|||&#8221; global_colors_info=&#8221;{}&#8221; custom_padding__hover=&#8221;|||&#8221;][et_pb_text admin_label=&#8221;Tekst&#8221; _builder_version=&#8221;4.23.4&#8243; text_font=&#8221;||||||||&#8221; text_line_height=&#8221;1.8em&#8221; header_font=&#8221;||||||||&#8221; header_2_font=&#8221;Lato||||||||&#8221; header_2_font_size=&#8221;36px&#8221; header_2_line_height=&#8221;1.5em&#8221; module_alignment=&#8221;center&#8221; min_height=&#8221;40px&#8221; custom_margin=&#8221;||15px|&#8221; custom_padding=&#8221;|||&#8221; animation_direction=&#8221;left&#8221; global_colors_info=&#8221;{}&#8221;]<\/p>\n<p>Det kr\u00e6ver medlemskab af foreningen for, at kunne sejle med p\u00e5 Martha.<\/p>\n<p>[\/et_pb_text][\/et_pb_column][et_pb_column type=&#8221;2_5&#8243; _builder_version=&#8221;4.16&#8243; custom_padding=&#8221;|||&#8221; global_colors_info=&#8221;{}&#8221; custom_padding__hover=&#8221;|||&#8221;][et_pb_button button_url=&#8221;@ET-DC@eyJkeW5hbWljIjp0cnVlLCJjb250ZW50IjoicG9zdF9saW5rX3VybF9wYWdlIiwic2V0dGluZ3MiOnsicG9zdF9pZCI6IjcwOSJ9fQ==@&#8221; button_text=&#8221;Bliv medlem&#8221; _builder_version=&#8221;4.23.4&#8243; _dynamic_attributes=&#8221;button_url&#8221; _module_preset=&#8221;default&#8221; custom_button=&#8221;on&#8221; button_text_color=&#8221;#FFFFFF&#8221; button_bg_color=&#8221;#7CDA24&#8243; button_border_color=&#8221;#7CDA24&#8243; button_font=&#8221;Lato|700|||||||&#8221; button_icon=&#8221;&#xf38d;||fa||400&#8243; box_shadow_style=&#8221;preset3&#8243; global_colors_info=&#8221;{}&#8221;][\/et_pb_button][\/et_pb_column][\/et_pb_row][et_pb_row column_structure=&#8221;3_5,2_5&#8243; use_custom_gutter=&#8221;on&#8221; admin_label=&#8221;Information Area&#8221; _builder_version=&#8221;4.23.4&#8243; max_width=&#8221;650px&#8221; custom_margin=&#8221;||||false|true&#8221; custom_padding=&#8221;||20px|||&#8221; use_custom_width=&#8221;on&#8221; custom_width_px=&#8221;650px&#8221; global_colors_info=&#8221;{}&#8221;][et_pb_column type=&#8221;3_5&#8243; _builder_version=&#8221;4.16&#8243; custom_padding=&#8221;|||&#8221; global_colors_info=&#8221;{}&#8221; custom_padding__hover=&#8221;|||&#8221;][et_pb_text admin_label=&#8221;Tekst&#8221; _builder_version=&#8221;4.24.0&#8243; text_font=&#8221;||||||||&#8221; text_line_height=&#8221;1.8em&#8221; header_font=&#8221;||||||||&#8221; header_2_font=&#8221;Lato||||||||&#8221; header_2_font_size=&#8221;36px&#8221; header_2_line_height=&#8221;1.5em&#8221; module_alignment=&#8221;center&#8221; min_height=&#8221;40px&#8221; custom_margin=&#8221;||15px|&#8221; custom_padding=&#8221;|||&#8221; animation_direction=&#8221;left&#8221; global_colors_info=&#8221;{}&#8221;]<\/p>\n<p><strong>Husk!<\/strong> Betaling af sejladsafgift (Sejldage)<\/p>\n<p>[\/et_pb_text][\/et_pb_column][et_pb_column type=&#8221;2_5&#8243; _builder_version=&#8221;4.16&#8243; custom_padding=&#8221;|||&#8221; global_colors_info=&#8221;{}&#8221; custom_padding__hover=&#8221;|||&#8221;][et_pb_button button_url=&#8221;@ET-DC@eyJkeW5hbWljIjp0cnVlLCJjb250ZW50IjoicG9zdF9saW5rX3VybF9wYWdlIiwic2V0dGluZ3MiOnsicG9zdF9pZCI6IjcwOSJ9fQ==@&#8221; button_text=&#8221;L\u00e6s hvordan her&#8221; _builder_version=&#8221;4.24.0&#8243; _dynamic_attributes=&#8221;button_url&#8221; _module_preset=&#8221;default&#8221; custom_button=&#8221;on&#8221; button_text_color=&#8221;#FFFFFF&#8221; button_bg_color=&#8221;#7CDA24&#8243; button_border_color=&#8221;#7CDA24&#8243; button_font=&#8221;Lato|700|||||||&#8221; button_icon=&#8221;&#xf38d;||fa||400&#8243; box_shadow_style=&#8221;preset3&#8243; global_colors_info=&#8221;{}&#8221;][\/et_pb_button][\/et_pb_column][\/et_pb_row][et_pb_row _builder_version=&#8221;4.23.4&#8243; _module_preset=&#8221;default&#8221; global_colors_info=&#8221;{}&#8221;][et_pb_column type=&#8221;4_4&#8243; _builder_version=&#8221;4.23.4&#8243; _module_preset=&#8221;default&#8221; global_colors_info=&#8221;{}&#8221;][et_pb_divider _builder_version=&#8221;4.23.4&#8243; _module_preset=&#8221;default&#8221; global_colors_info=&#8221;{}&#8221;][\/et_pb_divider][\/et_pb_column][\/et_pb_row][\/et_pb_section][et_pb_section fb_built=&#8221;1&#8243; _builder_version=&#8221;4.23.4&#8243; _module_preset=&#8221;default&#8221; global_colors_info=&#8221;{}&#8221;][et_pb_row _builder_version=&#8221;4.23.4&#8243; _module_preset=&#8221;default&#8221; global_colors_info=&#8221;{}&#8221;][et_pb_column type=&#8221;4_4&#8243; _builder_version=&#8221;4.23.4&#8243; _module_preset=&#8221;default&#8221; global_colors_info=&#8221;{}&#8221;][et_pb_code admin_label=&#8221;Kode &#8211; sejlplan&#8221; _builder_version=&#8221;4.27.5&#8243; _module_preset=&#8221;default&#8221; global_colors_info=&#8221;{}&#8221;]<script type=\"text\/javascript\" src=\"https:\/\/www.conventus.dk\/dataudv\/www\/holdoversigt_ny.php?foreningsid=13352&#038;afdelingsid=70152&#038;handelsbetingelser=1&#038;reservationer=vis&#038;skjul_nyt_medlem=0&#038;skjul_allerede_medlem=0&#038;raekkefoelge=kronologisk&#038;vis_adresse=1&#038;knap_placering=vertikal&#038;highlight=ledige_pladser&#038;start=tid_sted;periode&#038;info=alder;pris;betaling;tilmelding;tilmeld_aabner_om;ledere;om_holdet&#038;sprog=auto\"><\/script>[\/et_pb_code][\/et_pb_column][\/et_pb_row][\/et_pb_section]<\/p>\n","protected":false},"excerpt":{"rendered":"<p>Tilmelding til \u00e5rets tureDet kr\u00e6ver medlemskab af foreningen for, at kunne sejle med p\u00e5 Martha.Husk! Betaling af sejladsafgift (Sejldage)<\/p>\n","protected":false},"author":2,"featured_media":0,"parent":0,"menu_order":0,"comment_status":"closed","ping_status":"closed","template":"","meta":{"_et_pb_use_builder":"on","_et_pb_old_content":"","_et_gb_content_width":"","footnotes":""},"class_list":["post-706","page","type-page","status-publish","hentry"],"yoast_head":"<!-- This site is optimized with the Yoast SEO plugin v27.2 - https:\/\/yoast.com\/product\/yoast-seo-wordpress\/ -->\n<title>Sejlplan - Skonnerten Martha<\/title>\n<meta name=\"robots\" content=\"index, follow, max-snippet:-1, max-image-preview:large, max-video-preview:-1\" \/>\n<link rel=\"canonical\" href=\"https:\/\/skonnertenmartha.dk\/index.php\/sejlplan\/\" \/>\n<meta property=\"og:locale\" content=\"da_DK\" \/>\n<meta property=\"og:type\" content=\"article\" \/>\n<meta property=\"og:title\" content=\"Sejlplan - Skonnerten Martha\" \/>\n<meta property=\"og:description\" content=\"Tilmelding til \u00e5rets tureDet kr\u00e6ver medlemskab af foreningen for, at kunne sejle med p\u00e5 Martha.Husk! Betaling af sejladsafgift (Sejldage)\" \/>\n<meta property=\"og:url\" content=\"https:\/\/skonnertenmartha.dk\/index.php\/sejlplan\/\" \/>\n<meta property=\"og:site_name\" content=\"Skonnerten Martha\" \/>\n<meta property=\"article:publisher\" content=\"https:\/\/www.facebook.com\/SkonnertenMartha.dk\" \/>\n<meta property=\"article:modified_time\" content=\"2026-02-01T08:23:51+00:00\" \/>\n<meta property=\"og:image\" content=\"https:\/\/skonnertenmartha.dk\/wp-content\/uploads\/2023\/11\/martah_roed.png\" \/>\n\t<meta property=\"og:image:width\" content=\"1200\" \/>\n\t<meta property=\"og:image:height\" content=\"1200\" \/>\n\t<meta property=\"og:image:type\" content=\"image\/png\" \/>\n<meta name=\"twitter:card\" content=\"summary_large_image\" \/>\n<meta name=\"twitter:label1\" content=\"Estimeret l\u00e6setid\" \/>\n\t<meta name=\"twitter:data1\" content=\"1 minut\" \/>\n<script type=\"application\/ld+json\" class=\"yoast-schema-graph\">{\"@context\":\"https:\/\/schema.org\",\"@graph\":[{\"@type\":\"WebPage\",\"@id\":\"https:\/\/skonnertenmartha.dk\/index.php\/sejlplan\/\",\"url\":\"https:\/\/skonnertenmartha.dk\/index.php\/sejlplan\/\",\"name\":\"Sejlplan - Skonnerten Martha\",\"isPartOf\":{\"@id\":\"https:\/\/skonnertenmartha.dk\/#website\"},\"datePublished\":\"2024-02-01T17:00:24+00:00\",\"dateModified\":\"2026-02-01T08:23:51+00:00\",\"breadcrumb\":{\"@id\":\"https:\/\/skonnertenmartha.dk\/index.php\/sejlplan\/#breadcrumb\"},\"inLanguage\":\"da-DK\",\"potentialAction\":[{\"@type\":\"ReadAction\",\"target\":[\"https:\/\/skonnertenmartha.dk\/index.php\/sejlplan\/\"]}]},{\"@type\":\"BreadcrumbList\",\"@id\":\"https:\/\/skonnertenmartha.dk\/index.php\/sejlplan\/#breadcrumb\",\"itemListElement\":[{\"@type\":\"ListItem\",\"position\":1,\"name\":\"Hjem\",\"item\":\"https:\/\/skonnertenmartha.dk\/\"},{\"@type\":\"ListItem\",\"position\":2,\"name\":\"Sejlplan\"}]},{\"@type\":\"WebSite\",\"@id\":\"https:\/\/skonnertenmartha.dk\/#website\",\"url\":\"https:\/\/skonnertenmartha.dk\/\",\"name\":\"Skonnertenmartha.dk\",\"description\":\"\",\"publisher\":{\"@id\":\"https:\/\/skonnertenmartha.dk\/#organization\"},\"alternateName\":\"skonnert.dk\",\"potentialAction\":[{\"@type\":\"SearchAction\",\"target\":{\"@type\":\"EntryPoint\",\"urlTemplate\":\"https:\/\/skonnertenmartha.dk\/?s={search_term_string}\"},\"query-input\":{\"@type\":\"PropertyValueSpecification\",\"valueRequired\":true,\"valueName\":\"search_term_string\"}}],\"inLanguage\":\"da-DK\"},{\"@type\":\"Organization\",\"@id\":\"https:\/\/skonnertenmartha.dk\/#organization\",\"name\":\"Foreningen til Skonnerten Marthas Restaurering\",\"alternateName\":\"Martha foreningen\",\"url\":\"https:\/\/skonnertenmartha.dk\/\",\"logo\":{\"@type\":\"ImageObject\",\"inLanguage\":\"da-DK\",\"@id\":\"https:\/\/skonnertenmartha.dk\/#\/schema\/logo\/image\/\",\"url\":\"https:\/\/skonnertenmartha.dk\/wp-content\/uploads\/2023\/11\/martah_roed.png\",\"contentUrl\":\"https:\/\/skonnertenmartha.dk\/wp-content\/uploads\/2023\/11\/martah_roed.png\",\"width\":1200,\"height\":1200,\"caption\":\"Foreningen til Skonnerten Marthas Restaurering\"},\"image\":{\"@id\":\"https:\/\/skonnertenmartha.dk\/#\/schema\/logo\/image\/\"},\"sameAs\":[\"https:\/\/www.facebook.com\/SkonnertenMartha.dk\",\"https:\/\/www.instagram.com\/skonnerten_martha\/\",\"https:\/\/www.facebook.com\/groups\/skonnertenmartha.dk\"]}]}<\/script>\n<!-- \/ Yoast SEO plugin. -->","yoast_head_json":{"title":"Sejlplan - Skonnerten Martha","robots":{"index":"index","follow":"follow","max-snippet":"max-snippet:-1","max-image-preview":"max-image-preview:large","max-video-preview":"max-video-preview:-1"},"canonical":"https:\/\/skonnertenmartha.dk\/index.php\/sejlplan\/","og_locale":"da_DK","og_type":"article","og_title":"Sejlplan - Skonnerten Martha","og_description":"Tilmelding til \u00e5rets tureDet kr\u00e6ver medlemskab af foreningen for, at kunne sejle med p\u00e5 Martha.Husk! Betaling af sejladsafgift (Sejldage)","og_url":"https:\/\/skonnertenmartha.dk\/index.php\/sejlplan\/","og_site_name":"Skonnerten Martha","article_publisher":"https:\/\/www.facebook.com\/SkonnertenMartha.dk","article_modified_time":"2026-02-01T08:23:51+00:00","og_image":[{"width":1200,"height":1200,"url":"https:\/\/skonnertenmartha.dk\/wp-content\/uploads\/2023\/11\/martah_roed.png","type":"image\/png"}],"twitter_card":"summary_large_image","twitter_misc":{"Estimeret l\u00e6setid":"1 minut"},"schema":{"@context":"https:\/\/schema.org","@graph":[{"@type":"WebPage","@id":"https:\/\/skonnertenmartha.dk\/index.php\/sejlplan\/","url":"https:\/\/skonnertenmartha.dk\/index.php\/sejlplan\/","name":"Sejlplan - Skonnerten Martha","isPartOf":{"@id":"https:\/\/skonnertenmartha.dk\/#website"},"datePublished":"2024-02-01T17:00:24+00:00","dateModified":"2026-02-01T08:23:51+00:00","breadcrumb":{"@id":"https:\/\/skonnertenmartha.dk\/index.php\/sejlplan\/#breadcrumb"},"inLanguage":"da-DK","potentialAction":[{"@type":"ReadAction","target":["https:\/\/skonnertenmartha.dk\/index.php\/sejlplan\/"]}]},{"@type":"BreadcrumbList","@id":"https:\/\/skonnertenmartha.dk\/index.php\/sejlplan\/#breadcrumb","itemListElement":[{"@type":"ListItem","position":1,"name":"Hjem","item":"https:\/\/skonnertenmartha.dk\/"},{"@type":"ListItem","position":2,"name":"Sejlplan"}]},{"@type":"WebSite","@id":"https:\/\/skonnertenmartha.dk\/#website","url":"https:\/\/skonnertenmartha.dk\/","name":"Skonnertenmartha.dk","description":"","publisher":{"@id":"https:\/\/skonnertenmartha.dk\/#organization"},"alternateName":"skonnert.dk","potentialAction":[{"@type":"SearchAction","target":{"@type":"EntryPoint","urlTemplate":"https:\/\/skonnertenmartha.dk\/?s={search_term_string}"},"query-input":{"@type":"PropertyValueSpecification","valueRequired":true,"valueName":"search_term_string"}}],"inLanguage":"da-DK"},{"@type":"Organization","@id":"https:\/\/skonnertenmartha.dk\/#organization","name":"Foreningen til Skonnerten Marthas Restaurering","alternateName":"Martha foreningen","url":"https:\/\/skonnertenmartha.dk\/","logo":{"@type":"ImageObject","inLanguage":"da-DK","@id":"https:\/\/skonnertenmartha.dk\/#\/schema\/logo\/image\/","url":"https:\/\/skonnertenmartha.dk\/wp-content\/uploads\/2023\/11\/martah_roed.png","contentUrl":"https:\/\/skonnertenmartha.dk\/wp-content\/uploads\/2023\/11\/martah_roed.png","width":1200,"height":1200,"caption":"Foreningen til Skonnerten Marthas Restaurering"},"image":{"@id":"https:\/\/skonnertenmartha.dk\/#\/schema\/logo\/image\/"},"sameAs":["https:\/\/www.facebook.com\/SkonnertenMartha.dk","https:\/\/www.instagram.com\/skonnerten_martha\/","https:\/\/www.facebook.com\/groups\/skonnertenmartha.dk"]}]}},"_links":{"self":[{"href":"https:\/\/skonnertenmartha.dk\/index.php\/wp-json\/wp\/v2\/pages\/706","targetHints":{"allow":["GET"]}}],"collection":[{"href":"https:\/\/skonnertenmartha.dk\/index.php\/wp-json\/wp\/v2\/pages"}],"about":[{"href":"https:\/\/skonnertenmartha.dk\/index.php\/wp-json\/wp\/v2\/types\/page"}],"author":[{"embeddable":true,"href":"https:\/\/skonnertenmartha.dk\/index.php\/wp-json\/wp\/v2\/users\/2"}],"replies":[{"embeddable":true,"href":"https:\/\/skonnertenmartha.dk\/index.php\/wp-json\/wp\/v2\/comments?post=706"}],"version-history":[{"count":20,"href":"https:\/\/skonnertenmartha.dk\/index.php\/wp-json\/wp\/v2\/pages\/706\/revisions"}],"predecessor-version":[{"id":3458,"href":"https:\/\/skonnertenmartha.dk\/index.php\/wp-json\/wp\/v2\/pages\/706\/revisions\/3458"}],"wp:attachment":[{"href":"https:\/\/skonnertenmartha.dk\/index.php\/wp-json\/wp\/v2\/media?parent=706"}],"curies":[{"name":"wp","href":"https:\/\/api.w.org\/{rel}","templated":true}]}}