{"id":698,"date":"2023-12-15T13:43:24","date_gmt":"2023-12-15T13:43:24","guid":{"rendered":"http:\/\/142.132.203.237\/~skonnert\/nyside\/?page_id=698"},"modified":"2024-05-29T21:41:21","modified_gmt":"2024-05-29T21:41:21","slug":"om-foreningen","status":"publish","type":"page","link":"https:\/\/skonnertenmartha.dk\/index.php\/om-foreningen\/","title":{"rendered":"Om foreningen"},"content":{"rendered":"<p>[et_pb_section fb_built=&#8221;1&#8243; fullwidth=&#8221;on&#8221; _builder_version=&#8221;4.16&#8243; animation_style=&#8221;slide&#8221; animation_direction=&#8221;top&#8221; animation_intensity_slide=&#8221;2%&#8221; animation_starting_opacity=&#8221;100%&#8221; global_colors_info=&#8221;{}&#8221;][et_pb_fullwidth_header title=&#8221;Om foreningen&#8221; content_max_width=&#8221;800px&#8221; _builder_version=&#8221;4.24.0&#8243; title_level=&#8221;h2&#8243; title_font=&#8221;Lato||||||||&#8221; title_font_size=&#8221;60px&#8221; title_line_height=&#8221;1.2em&#8221; content_font=&#8221;||||||||&#8221; content_font_size=&#8221;20px&#8221; content_line_height=&#8221;1.8em&#8221; background_color=&#8221;rgba(255, 255, 255, 0)&#8221; use_background_color_gradient=&#8221;on&#8221; background_color_gradient_direction=&#8221;90deg&#8221; background_color_gradient_stops=&#8221;rgba(0,0,0,0.75) 0%|rgba(0,0,0,0) 100%&#8221; background_color_gradient_overlays_image=&#8221;on&#8221; background_color_gradient_start=&#8221;rgba(0,0,0,0.75)&#8221; background_color_gradient_end=&#8221;rgba(0,0,0,0)&#8221; background_image=&#8221;https:\/\/skonnertenmartha.dk\/wp-content\/uploads\/2024\/03\/20240306133411_IMG_3802-1-scaled.jpg&#8221; custom_button_one=&#8221;on&#8221; button_one_text_size=&#8221;18px&#8221; button_one_bg_color=&#8221;#02d002&#8243; button_one_border_width=&#8221;8px&#8221; button_one_border_color=&#8221;#02d002&#8243; button_one_border_radius=&#8221;0px&#8221; button_one_letter_spacing=&#8221;1px&#8221; button_one_font=&#8221;Lato|700|||||||&#8221; button_one_use_icon=&#8221;off&#8221; custom_button_two=&#8221;on&#8221; button_two_text_size=&#8221;18px&#8221; button_two_text_color=&#8221;#353740&#8243; button_two_bg_color=&#8221;#ffffff&#8221; button_two_border_width=&#8221;8px&#8221; button_two_border_color=&#8221;#ffffff&#8221; button_two_border_radius=&#8221;0px&#8221; button_two_letter_spacing=&#8221;1px&#8221; button_two_font=&#8221;Lato|700|||||||&#8221; button_two_use_icon=&#8221;off&#8221; custom_margin=&#8221;|||&#8221; custom_padding=&#8221;8%||8%|&#8221; button_one_letter_spacing_hover=&#8221;1px&#8221; button_two_letter_spacing_hover=&#8221;1px&#8221; locked=&#8221;off&#8221; global_colors_info=&#8221;{}&#8221; button_one_text_size__hover_enabled=&#8221;off&#8221; button_two_text_size__hover_enabled=&#8221;off&#8221; button_one_text_color__hover_enabled=&#8221;off&#8221; button_two_text_color__hover_enabled=&#8221;off&#8221; button_one_border_width__hover_enabled=&#8221;off&#8221; button_two_border_width__hover_enabled=&#8221;off&#8221; button_one_border_color__hover_enabled=&#8221;off&#8221; button_two_border_color__hover_enabled=&#8221;off&#8221; button_one_border_radius__hover_enabled=&#8221;off&#8221; button_two_border_radius__hover_enabled=&#8221;off&#8221; button_one_letter_spacing__hover_enabled=&#8221;on&#8221; button_one_letter_spacing__hover=&#8221;1px&#8221; button_two_letter_spacing__hover_enabled=&#8221;on&#8221; button_two_letter_spacing__hover=&#8221;1px&#8221; button_one_bg_color__hover_enabled=&#8221;off&#8221; button_two_bg_color__hover_enabled=&#8221;off&#8221;][\/et_pb_fullwidth_header][\/et_pb_section][et_pb_section fb_built=&#8221;1&#8243; _builder_version=&#8221;4.23.4&#8243; _module_preset=&#8221;default&#8221; global_colors_info=&#8221;{}&#8221;][et_pb_row column_structure=&#8221;3_5,2_5&#8243; _builder_version=&#8221;4.23.4&#8243; _module_preset=&#8221;default&#8221; global_colors_info=&#8221;{}&#8221;][et_pb_column type=&#8221;3_5&#8243; _builder_version=&#8221;4.23.4&#8243; _module_preset=&#8221;default&#8221; global_colors_info=&#8221;{}&#8221;][et_pb_text _builder_version=&#8221;4.24.0&#8243; _module_preset=&#8221;default&#8221; global_colors_info=&#8221;{}&#8221;]<\/p>\n<h1>Foreningen bag Martha<\/h1>\n<p>[\/et_pb_text][et_pb_text _builder_version=&#8221;4.23.4&#8243; _module_preset=&#8221;default&#8221; global_colors_info=&#8221;{}&#8221;]<\/p>\n<p>Martha er Danmarks st\u00f8rste foreningsejede skonnert, og foreningen ejer og driver skibet i f\u00e6llesskab. Her er ingen opdeling mellem ejere og ikke-ejere, og st\u00f8rre beslutninger tr\u00e6ffes demokratisk p\u00e5 den \u00e5rlige generalforsamling i november. Her v\u00e6lges ogs\u00e5 bestyrelsen, som varetager den daglige ledelse og fungerer som reder. Skippergruppen laver hvert efter\u00e5r et forslag til n\u00e6ste \u00e5rs sejlplan, som pr\u00e6senteres for medlemmerne p\u00e5 generalforsamlingen.\u00a0<\/p>\n<p>Foreningen til Skonnerten Marthas Restaurering blev stiftet i 1973, da den k\u00f8bte Martha for en krone af den dav\u00e6rende ejer, Kristian Blak (l\u00e6s mere om Marthas historie <a href=\"https:\/\/skonnertenmartha.dk\/index.php\/315-2\/\">her<\/a>). Medlemmerne delte en f\u00e6lles dr\u00f8m om at restaurere skibet fra en nedslidt stenfisker til den stolte skonnert, den engang var. Deres \u00f8nske var ogs\u00e5 at v\u00e6re sammen og l\u00e6re om s\u00f8mandsskab og h\u00e5ndv\u00e6rk.\u00a0<\/p>\n<p>I dag er det stadig de samme ingredienser, der tr\u00e6kker medlemmer til foreningen: f\u00e6llesskab om arbejdsopgaver som renovering og vedligeholdelse efter gamle principper, sejladsoplevelser og l\u00e6ring af s\u00f8mandsskab samt fest, hygge og netv\u00e6rk p\u00e5 tv\u00e6rs af generationer og baggrunde.<\/p>\n<p>Demokrati kan v\u00e6re udfordrende, is\u00e6r n\u00e5r man st\u00e5r over for store opgaver. Vores forening har gennem \u00e5rene l\u00f8ftet betydelige opgaver og opn\u00e5et stor respekt for hinanden. Vi har erfaring i at tr\u00e6ffe beslutninger uden un\u00f8dig strid og ballade.<\/p>\n<p>Foreningslivet inkluderer ogs\u00e5 festlige begivenheder og et \u00e5rligt medlemsm\u00f8de, hvor vi m\u00f8des p\u00e5 land om et emne, der er relateret til Martha. Ud over foreningens arrangementer knytter de fleste ogs\u00e5 st\u00e6rke b\u00e5nd med andre marthanere, hvilket inkluderer deltagelse i diverse runde f\u00f8dselsdage og andre livsbegivenheder.<\/p>\n<p>&nbsp;<\/p>\n<p>[\/et_pb_text][\/et_pb_column][et_pb_column type=&#8221;2_5&#8243; _builder_version=&#8221;4.23.4&#8243; _module_preset=&#8221;default&#8221; global_colors_info=&#8221;{}&#8221;][et_pb_image src=&#8221;https:\/\/skonnertenmartha.dk\/wp-content\/uploads\/2024\/02\/ankerlanterne-billede.jpg&#8221; title_text=&#8221;ankerlanterne billede&#8221; _builder_version=&#8221;4.24.0&#8243; _module_preset=&#8221;default&#8221; global_colors_info=&#8221;{}&#8221;][\/et_pb_image][et_pb_image src=&#8221;https:\/\/skonnertenmartha.dk\/wp-content\/uploads\/2024\/02\/anker-jolle-flot-foto.jpg&#8221; title_text=&#8221;anker-jolle-flot-foto&#8221; _builder_version=&#8221;4.23.4&#8243; _module_preset=&#8221;default&#8221; global_colors_info=&#8221;{}&#8221;][\/et_pb_image][\/et_pb_column][\/et_pb_row][\/et_pb_section][et_pb_section fb_built=&#8221;1&#8243; admin_label=&#8221;Our Mission Section&#8221; _builder_version=&#8221;4.24.0&#8243; background_color=&#8221;#f7f7f7&#8243; custom_padding=&#8221;||||false|false&#8221; global_colors_info=&#8221;{}&#8221;][et_pb_row column_structure=&#8221;1_3,2_3&#8243; admin_label=&#8221;Our Mission Area&#8221; _builder_version=&#8221;4.16&#8243; global_colors_info=&#8221;{}&#8221;][et_pb_column type=&#8221;1_3&#8243; _builder_version=&#8221;4.16&#8243; custom_padding=&#8221;|||&#8221; global_colors_info=&#8221;{}&#8221; custom_padding__hover=&#8221;|||&#8221;][et_pb_text admin_label=&#8221;Title&#8221; _builder_version=&#8221;4.16&#8243; text_font=&#8221;||||||||&#8221; header_font=&#8221;||||||||&#8221; header_2_font=&#8221;Lato||||||||&#8221; header_2_font_size=&#8221;36px&#8221; header_2_line_height=&#8221;1.5em&#8221; module_alignment=&#8221;center&#8221; custom_margin=&#8221;||15px|&#8221; custom_padding=&#8221;|||&#8221; animation_direction=&#8221;left&#8221; global_colors_info=&#8221;{}&#8221;]<\/p>\n<h2>Vores mission<\/h2>\n<p>[\/et_pb_text][et_pb_image src=&#8221;https:\/\/skonnertenmartha.dk\/wp-content\/uploads\/2024\/02\/image-9.jpeg&#8221; force_fullwidth=&#8221;on&#8221; _builder_version=&#8221;4.24.0&#8243; _module_preset=&#8221;default&#8221; global_colors_info=&#8221;{}&#8221;][\/et_pb_image][\/et_pb_column][et_pb_column type=&#8221;2_3&#8243; _builder_version=&#8221;4.16&#8243; custom_padding=&#8221;|||&#8221; global_colors_info=&#8221;{}&#8221; custom_padding__hover=&#8221;|||&#8221;][et_pb_text _builder_version=&#8221;4.23.4&#8243; text_font=&#8221;||||||||&#8221; text_line_height=&#8221;1.8em&#8221; animation_direction=&#8221;left&#8221; global_colors_info=&#8221;{}&#8221;]<\/p>\n<p>Foreningens dybere form\u00e5l hviler i restaurering, bevarelse og sejlads af og med et \u00e6ldre, sejlf\u00f8rende tr\u00e6skib, som fungerer som et levende kulturhistorisk monument, der fort\u00e6ller om sm\u00e5skibsfartens betydning i fortiden. Vores dedikation materialiserer sig gennem en r\u00e6kke initiativer:<\/p>\n<p>Vi str\u00e6ber efter at genskabe og vedligeholde skibet med omhu, s\u00e5 det bevarer sin autentiske fremtoning over d\u00e6k, som det var i 1923. Dette g\u00f8res med respekt for foreningens nutidige anvendelse af skibet.<\/p>\n<p>Vi s\u00f8ger aktivt viden om skibets rige historie, idet det tjener som en inspirationskilde og en kilde til forst\u00e5else af fortiden.<\/p>\n<p>Vi engagerer os aktivt i sejlads med skibet. Vi deltager i kapsejladser med andre gamle sejlskibe. I de havne, vi ankommer til, fort\u00e6ller vi gerne om vores skib og deler vores begejstring for sejladstraditioner og \u00e6ldre s\u00f8fartsh\u00e5ndv\u00e6rk.<\/p>\n<p>Vi str\u00e6ber efter at sikre midler fra fonde, sponsorer og andre kilder for at st\u00f8tte vores restaureringsprojekt og sikre skibets langsigtede overlevelse. P\u00e5 den m\u00e5de v\u00e6rner vi om og formidler vores maritime arv med en forpligtelse til at bevare den for kommende generationer.\u00a0<\/p>\n<p>Som medlem st\u00f8tter man foreningen \u00f8konomisk ved at betale kontingent. Derudover bidrager vi med vores arbejdskraft, for der ligger mange arbejdstimer i at vedligeholde og organisere arbejdet omkring et gammelt sejlskib. Arbejdstimerne veksler vi til sejldage, som medlemmerne dog ogs\u00e5 kan k\u00f8be sig til. For det vigtigste ved at v\u00e6re medlem af foreningen er at sejle med Martha. Simpelthen fordi vi elsker det.<\/p>\n<p>[\/et_pb_text][\/et_pb_column][\/et_pb_row][\/et_pb_section][et_pb_section fb_built=&#8221;1&#8243; fullwidth=&#8221;on&#8221; admin_label=&#8221;Call to Action&#8221; _builder_version=&#8221;4.23.4&#8243; animation_style=&#8221;slide&#8221; animation_direction=&#8221;bottom&#8221; animation_intensity_slide=&#8221;6%&#8221; animation_starting_opacity=&#8221;100%&#8221; global_module=&#8221;1126&#8243; locked=&#8221;off&#8221; global_colors_info=&#8221;{}&#8221;][et_pb_fullwidth_header title=&#8221;Bliv medlem eller st\u00f8t foreningen &#8211; idag!&#8221; button_one_text=&#8221;Bliv medlem&#8221; button_one_url=&#8221;@ET-DC@eyJkeW5hbWljIjp0cnVlLCJjb250ZW50IjoicG9zdF9saW5rX3VybF9wYWdlIiwic2V0dGluZ3MiOnsicG9zdF9pZCI6IjcwOSJ9fQ==@&#8221; button_two_text=&#8221;St\u00f8t&#8221; button_two_url=&#8221;@ET-DC@eyJkeW5hbWljIjp0cnVlLCJjb250ZW50IjoicG9zdF9saW5rX3VybF9wYWdlIiwic2V0dGluZ3MiOnsicG9zdF9pZCI6IjY5OSJ9fQ==@&#8221; content_max_width=&#8221;800px&#8221; _builder_version=&#8221;4.23.4&#8243; _dynamic_attributes=&#8221;button_one_url,button_two_url&#8221; title_level=&#8221;h2&#8243; title_font=&#8221;Lato||||||||&#8221; title_font_size=&#8221;60px&#8221; title_line_height=&#8221;1.2em&#8221; content_font=&#8221;||||||||&#8221; content_font_size=&#8221;20px&#8221; content_line_height=&#8221;1.8em&#8221; background_color=&#8221;rgba(255, 255, 255, 0)&#8221; use_background_color_gradient=&#8221;on&#8221; background_color_gradient_direction=&#8221;90deg&#8221; background_color_gradient_stops=&#8221;rgba(0,0,0,0.75) 0%|rgba(0,0,0,0) 100%&#8221; background_color_gradient_overlays_image=&#8221;on&#8221; background_color_gradient_start=&#8221;rgba(0,0,0,0.75)&#8221; background_color_gradient_end=&#8221;rgba(0,0,0,0)&#8221; background_image=&#8221;https:\/\/skonnertenmartha.dk\/wp-content\/uploads\/2024\/02\/IMG_5890-scaled.jpg&#8221; custom_button_one=&#8221;on&#8221; button_one_text_size=&#8221;18px&#8221; button_one_bg_color=&#8221;#02d002&#8243; button_one_border_width=&#8221;8px&#8221; button_one_border_color=&#8221;#02d002&#8243; button_one_border_radius=&#8221;0px&#8221; button_one_letter_spacing=&#8221;1px&#8221; button_one_font=&#8221;Lato|700|||||||&#8221; button_one_use_icon=&#8221;off&#8221; custom_button_two=&#8221;on&#8221; button_two_text_size=&#8221;18px&#8221; button_two_text_color=&#8221;#353740&#8243; button_two_bg_color=&#8221;#ffffff&#8221; button_two_border_width=&#8221;8px&#8221; button_two_border_color=&#8221;#ffffff&#8221; button_two_border_radius=&#8221;0px&#8221; button_two_letter_spacing=&#8221;1px&#8221; button_two_font=&#8221;Lato|700|||||||&#8221; button_two_use_icon=&#8221;off&#8221; custom_margin=&#8221;|||&#8221; custom_padding=&#8221;8%||8%|&#8221; button_one_letter_spacing_hover=&#8221;1px&#8221; button_two_letter_spacing_hover=&#8221;1px&#8221; global_colors_info=&#8221;{}&#8221; button_one_text_size__hover_enabled=&#8221;off&#8221; button_two_text_size__hover_enabled=&#8221;off&#8221; button_one_text_color__hover_enabled=&#8221;off&#8221; button_two_text_color__hover_enabled=&#8221;off&#8221; button_one_border_width__hover_enabled=&#8221;off&#8221; button_two_border_width__hover_enabled=&#8221;off&#8221; button_one_border_color__hover_enabled=&#8221;off&#8221; button_two_border_color__hover_enabled=&#8221;off&#8221; button_one_border_radius__hover_enabled=&#8221;off&#8221; button_two_border_radius__hover_enabled=&#8221;off&#8221; button_one_letter_spacing__hover_enabled=&#8221;on&#8221; button_one_letter_spacing__hover=&#8221;1px&#8221; button_two_letter_spacing__hover_enabled=&#8221;on&#8221; button_two_letter_spacing__hover=&#8221;1px&#8221; button_one_bg_color__hover_enabled=&#8221;off&#8221; button_two_bg_color__hover_enabled=&#8221;off&#8221;][\/et_pb_fullwidth_header][\/et_pb_section]<\/p>\n","protected":false},"excerpt":{"rendered":"<p>Foreningen bag MarthaMartha er Danmarks st\u00f8rste foreningsejede skonnert, og foreningen ejer og driver skibet i f\u00e6llesskab. Her er ingen opdeling mellem ejere og ikke-ejere, og st\u00f8rre beslutninger tr\u00e6ffes demokratisk p\u00e5 den \u00e5rlige generalforsamling i november. Her v\u00e6lges ogs\u00e5 bestyrelsen, som varetager den daglige ledelse og fungerer som reder. Skippergruppen laver hvert efter\u00e5r et forslag til [&hellip;]<\/p>\n","protected":false},"author":1,"featured_media":0,"parent":0,"menu_order":0,"comment_status":"closed","ping_status":"closed","template":"","meta":{"_et_pb_use_builder":"on","_et_pb_old_content":"","_et_gb_content_width":"","footnotes":""},"class_list":["post-698","page","type-page","status-publish","hentry"],"yoast_head":"<!-- This site is optimized with the Yoast SEO plugin v27.2 - https:\/\/yoast.com\/product\/yoast-seo-wordpress\/ -->\n<title>Om foreningen - Skonnerten Martha<\/title>\n<meta name=\"robots\" content=\"index, follow, max-snippet:-1, max-image-preview:large, max-video-preview:-1\" \/>\n<link rel=\"canonical\" href=\"https:\/\/skonnertenmartha.dk\/index.php\/om-foreningen\/\" \/>\n<meta property=\"og:locale\" content=\"da_DK\" \/>\n<meta property=\"og:type\" content=\"article\" \/>\n<meta property=\"og:title\" content=\"Om foreningen - Skonnerten Martha\" \/>\n<meta property=\"og:description\" content=\"Foreningen bag MarthaMartha er Danmarks st\u00f8rste foreningsejede skonnert, og foreningen ejer og driver skibet i f\u00e6llesskab. Her er ingen opdeling mellem ejere og ikke-ejere, og st\u00f8rre beslutninger tr\u00e6ffes demokratisk p\u00e5 den \u00e5rlige generalforsamling i november. Her v\u00e6lges ogs\u00e5 bestyrelsen, som varetager den daglige ledelse og fungerer som reder. Skippergruppen laver hvert efter\u00e5r et forslag til [&hellip;]\" \/>\n<meta property=\"og:url\" content=\"https:\/\/skonnertenmartha.dk\/index.php\/om-foreningen\/\" \/>\n<meta property=\"og:site_name\" content=\"Skonnerten Martha\" \/>\n<meta property=\"article:publisher\" content=\"https:\/\/www.facebook.com\/SkonnertenMartha.dk\" \/>\n<meta property=\"article:modified_time\" content=\"2024-05-29T21:41:21+00:00\" \/>\n<meta property=\"og:image\" content=\"https:\/\/skonnertenmartha.dk\/wp-content\/uploads\/2023\/11\/martah_roed.png\" \/>\n\t<meta property=\"og:image:width\" content=\"1200\" \/>\n\t<meta property=\"og:image:height\" content=\"1200\" \/>\n\t<meta property=\"og:image:type\" content=\"image\/png\" \/>\n<meta name=\"twitter:card\" content=\"summary_large_image\" \/>\n<meta name=\"twitter:label1\" content=\"Estimeret l\u00e6setid\" \/>\n\t<meta name=\"twitter:data1\" content=\"8 minutter\" \/>\n<script type=\"application\/ld+json\" class=\"yoast-schema-graph\">{\"@context\":\"https:\/\/schema.org\",\"@graph\":[{\"@type\":\"WebPage\",\"@id\":\"https:\/\/skonnertenmartha.dk\/index.php\/om-foreningen\/\",\"url\":\"https:\/\/skonnertenmartha.dk\/index.php\/om-foreningen\/\",\"name\":\"Om foreningen - Skonnerten Martha\",\"isPartOf\":{\"@id\":\"https:\/\/skonnertenmartha.dk\/#website\"},\"datePublished\":\"2023-12-15T13:43:24+00:00\",\"dateModified\":\"2024-05-29T21:41:21+00:00\",\"breadcrumb\":{\"@id\":\"https:\/\/skonnertenmartha.dk\/index.php\/om-foreningen\/#breadcrumb\"},\"inLanguage\":\"da-DK\",\"potentialAction\":[{\"@type\":\"ReadAction\",\"target\":[\"https:\/\/skonnertenmartha.dk\/index.php\/om-foreningen\/\"]}]},{\"@type\":\"BreadcrumbList\",\"@id\":\"https:\/\/skonnertenmartha.dk\/index.php\/om-foreningen\/#breadcrumb\",\"itemListElement\":[{\"@type\":\"ListItem\",\"position\":1,\"name\":\"Hjem\",\"item\":\"https:\/\/skonnertenmartha.dk\/\"},{\"@type\":\"ListItem\",\"position\":2,\"name\":\"Om foreningen\"}]},{\"@type\":\"WebSite\",\"@id\":\"https:\/\/skonnertenmartha.dk\/#website\",\"url\":\"https:\/\/skonnertenmartha.dk\/\",\"name\":\"Skonnertenmartha.dk\",\"description\":\"\",\"publisher\":{\"@id\":\"https:\/\/skonnertenmartha.dk\/#organization\"},\"alternateName\":\"skonnert.dk\",\"potentialAction\":[{\"@type\":\"SearchAction\",\"target\":{\"@type\":\"EntryPoint\",\"urlTemplate\":\"https:\/\/skonnertenmartha.dk\/?s={search_term_string}\"},\"query-input\":{\"@type\":\"PropertyValueSpecification\",\"valueRequired\":true,\"valueName\":\"search_term_string\"}}],\"inLanguage\":\"da-DK\"},{\"@type\":\"Organization\",\"@id\":\"https:\/\/skonnertenmartha.dk\/#organization\",\"name\":\"Foreningen til Skonnerten Marthas Restaurering\",\"alternateName\":\"Martha foreningen\",\"url\":\"https:\/\/skonnertenmartha.dk\/\",\"logo\":{\"@type\":\"ImageObject\",\"inLanguage\":\"da-DK\",\"@id\":\"https:\/\/skonnertenmartha.dk\/#\/schema\/logo\/image\/\",\"url\":\"https:\/\/skonnertenmartha.dk\/wp-content\/uploads\/2023\/11\/martah_roed.png\",\"contentUrl\":\"https:\/\/skonnertenmartha.dk\/wp-content\/uploads\/2023\/11\/martah_roed.png\",\"width\":1200,\"height\":1200,\"caption\":\"Foreningen til Skonnerten Marthas Restaurering\"},\"image\":{\"@id\":\"https:\/\/skonnertenmartha.dk\/#\/schema\/logo\/image\/\"},\"sameAs\":[\"https:\/\/www.facebook.com\/SkonnertenMartha.dk\",\"https:\/\/www.instagram.com\/skonnerten_martha\/\",\"https:\/\/www.facebook.com\/groups\/skonnertenmartha.dk\"]}]}<\/script>\n<!-- \/ Yoast SEO plugin. -->","yoast_head_json":{"title":"Om foreningen - Skonnerten Martha","robots":{"index":"index","follow":"follow","max-snippet":"max-snippet:-1","max-image-preview":"max-image-preview:large","max-video-preview":"max-video-preview:-1"},"canonical":"https:\/\/skonnertenmartha.dk\/index.php\/om-foreningen\/","og_locale":"da_DK","og_type":"article","og_title":"Om foreningen - Skonnerten Martha","og_description":"Foreningen bag MarthaMartha er Danmarks st\u00f8rste foreningsejede skonnert, og foreningen ejer og driver skibet i f\u00e6llesskab. Her er ingen opdeling mellem ejere og ikke-ejere, og st\u00f8rre beslutninger tr\u00e6ffes demokratisk p\u00e5 den \u00e5rlige generalforsamling i november. Her v\u00e6lges ogs\u00e5 bestyrelsen, som varetager den daglige ledelse og fungerer som reder. Skippergruppen laver hvert efter\u00e5r et forslag til [&hellip;]","og_url":"https:\/\/skonnertenmartha.dk\/index.php\/om-foreningen\/","og_site_name":"Skonnerten Martha","article_publisher":"https:\/\/www.facebook.com\/SkonnertenMartha.dk","article_modified_time":"2024-05-29T21:41:21+00:00","og_image":[{"width":1200,"height":1200,"url":"https:\/\/skonnertenmartha.dk\/wp-content\/uploads\/2023\/11\/martah_roed.png","type":"image\/png"}],"twitter_card":"summary_large_image","twitter_misc":{"Estimeret l\u00e6setid":"8 minutter"},"schema":{"@context":"https:\/\/schema.org","@graph":[{"@type":"WebPage","@id":"https:\/\/skonnertenmartha.dk\/index.php\/om-foreningen\/","url":"https:\/\/skonnertenmartha.dk\/index.php\/om-foreningen\/","name":"Om foreningen - Skonnerten Martha","isPartOf":{"@id":"https:\/\/skonnertenmartha.dk\/#website"},"datePublished":"2023-12-15T13:43:24+00:00","dateModified":"2024-05-29T21:41:21+00:00","breadcrumb":{"@id":"https:\/\/skonnertenmartha.dk\/index.php\/om-foreningen\/#breadcrumb"},"inLanguage":"da-DK","potentialAction":[{"@type":"ReadAction","target":["https:\/\/skonnertenmartha.dk\/index.php\/om-foreningen\/"]}]},{"@type":"BreadcrumbList","@id":"https:\/\/skonnertenmartha.dk\/index.php\/om-foreningen\/#breadcrumb","itemListElement":[{"@type":"ListItem","position":1,"name":"Hjem","item":"https:\/\/skonnertenmartha.dk\/"},{"@type":"ListItem","position":2,"name":"Om foreningen"}]},{"@type":"WebSite","@id":"https:\/\/skonnertenmartha.dk\/#website","url":"https:\/\/skonnertenmartha.dk\/","name":"Skonnertenmartha.dk","description":"","publisher":{"@id":"https:\/\/skonnertenmartha.dk\/#organization"},"alternateName":"skonnert.dk","potentialAction":[{"@type":"SearchAction","target":{"@type":"EntryPoint","urlTemplate":"https:\/\/skonnertenmartha.dk\/?s={search_term_string}"},"query-input":{"@type":"PropertyValueSpecification","valueRequired":true,"valueName":"search_term_string"}}],"inLanguage":"da-DK"},{"@type":"Organization","@id":"https:\/\/skonnertenmartha.dk\/#organization","name":"Foreningen til Skonnerten Marthas Restaurering","alternateName":"Martha foreningen","url":"https:\/\/skonnertenmartha.dk\/","logo":{"@type":"ImageObject","inLanguage":"da-DK","@id":"https:\/\/skonnertenmartha.dk\/#\/schema\/logo\/image\/","url":"https:\/\/skonnertenmartha.dk\/wp-content\/uploads\/2023\/11\/martah_roed.png","contentUrl":"https:\/\/skonnertenmartha.dk\/wp-content\/uploads\/2023\/11\/martah_roed.png","width":1200,"height":1200,"caption":"Foreningen til Skonnerten Marthas Restaurering"},"image":{"@id":"https:\/\/skonnertenmartha.dk\/#\/schema\/logo\/image\/"},"sameAs":["https:\/\/www.facebook.com\/SkonnertenMartha.dk","https:\/\/www.instagram.com\/skonnerten_martha\/","https:\/\/www.facebook.com\/groups\/skonnertenmartha.dk"]}]}},"_links":{"self":[{"href":"https:\/\/skonnertenmartha.dk\/index.php\/wp-json\/wp\/v2\/pages\/698","targetHints":{"allow":["GET"]}}],"collection":[{"href":"https:\/\/skonnertenmartha.dk\/index.php\/wp-json\/wp\/v2\/pages"}],"about":[{"href":"https:\/\/skonnertenmartha.dk\/index.php\/wp-json\/wp\/v2\/types\/page"}],"author":[{"embeddable":true,"href":"https:\/\/skonnertenmartha.dk\/index.php\/wp-json\/wp\/v2\/users\/1"}],"replies":[{"embeddable":true,"href":"https:\/\/skonnertenmartha.dk\/index.php\/wp-json\/wp\/v2\/comments?post=698"}],"version-history":[{"count":16,"href":"https:\/\/skonnertenmartha.dk\/index.php\/wp-json\/wp\/v2\/pages\/698\/revisions"}],"predecessor-version":[{"id":2053,"href":"https:\/\/skonnertenmartha.dk\/index.php\/wp-json\/wp\/v2\/pages\/698\/revisions\/2053"}],"wp:attachment":[{"href":"https:\/\/skonnertenmartha.dk\/index.php\/wp-json\/wp\/v2\/media?parent=698"}],"curies":[{"name":"wp","href":"https:\/\/api.w.org\/{rel}","templated":true}]}}