{"id":343,"date":"2023-11-29T18:22:20","date_gmt":"2023-11-29T18:22:20","guid":{"rendered":"http:\/\/142.132.203.237\/~skonnert\/nyside\/?page_id=343"},"modified":"2024-06-06T21:48:31","modified_gmt":"2024-06-06T21:48:31","slug":"sejl-med","status":"publish","type":"page","link":"https:\/\/skonnertenmartha.dk\/index.php\/sejl-med\/","title":{"rendered":"Sejl med"},"content":{"rendered":"<p>[et_pb_section fb_built=&#8221;1&#8243; fullwidth=&#8221;on&#8221; _builder_version=&#8221;4.16&#8243; animation_style=&#8221;slide&#8221; animation_direction=&#8221;top&#8221; animation_intensity_slide=&#8221;2%&#8221; animation_starting_opacity=&#8221;100%&#8221; global_colors_info=&#8221;{}&#8221;][et_pb_fullwidth_header title=&#8221;Sejl med&#8221; button_one_text=&#8221;Bliv medlem&#8221; button_one_url=&#8221;@ET-DC@eyJkeW5hbWljIjp0cnVlLCJjb250ZW50IjoicG9zdF9saW5rX3VybF9wYWdlIiwic2V0dGluZ3MiOnsicG9zdF9pZCI6IjcwOSJ9fQ==@&#8221; button_two_text=&#8221;St\u00f8t&#8221; button_two_url=&#8221;@ET-DC@eyJkeW5hbWljIjp0cnVlLCJjb250ZW50IjoicG9zdF9saW5rX3VybF9wYWdlIiwic2V0dGluZ3MiOnsicG9zdF9pZCI6IjY5OSJ9fQ==@&#8221; content_max_width=&#8221;800px&#8221; _builder_version=&#8221;4.24.0&#8243; _dynamic_attributes=&#8221;button_one_url,button_two_url&#8221; title_level=&#8221;h2&#8243; title_font=&#8221;Lato||||||||&#8221; title_font_size=&#8221;60px&#8221; title_line_height=&#8221;1.2em&#8221; content_font=&#8221;||||||||&#8221; content_font_size=&#8221;20px&#8221; content_line_height=&#8221;1.8em&#8221; background_color=&#8221;rgba(255, 255, 255, 0)&#8221; use_background_color_gradient=&#8221;on&#8221; background_color_gradient_direction=&#8221;90deg&#8221; background_color_gradient_stops=&#8221;rgba(0,0,0,0.75) 0%|rgba(0,0,0,0) 100%&#8221; background_color_gradient_overlays_image=&#8221;on&#8221; background_color_gradient_start=&#8221;rgba(0,0,0,0.75)&#8221; background_color_gradient_end=&#8221;rgba(0,0,0,0)&#8221; background_image=&#8221;https:\/\/skonnertenmartha.dk\/wp-content\/uploads\/2024\/02\/food-17-scaled.jpg&#8221; background_position=&#8221;top_center&#8221; background_vertical_offset=&#8221;44%&#8221; custom_button_one=&#8221;on&#8221; button_one_text_size=&#8221;18px&#8221; button_one_bg_color=&#8221;#02d002&#8243; button_one_border_width=&#8221;8px&#8221; button_one_border_color=&#8221;#02d002&#8243; button_one_border_radius=&#8221;0px&#8221; button_one_letter_spacing=&#8221;1px&#8221; button_one_font=&#8221;Lato|700|||||||&#8221; button_one_use_icon=&#8221;off&#8221; custom_button_two=&#8221;on&#8221; button_two_text_size=&#8221;18px&#8221; button_two_text_color=&#8221;#353740&#8243; button_two_bg_color=&#8221;#ffffff&#8221; button_two_border_width=&#8221;8px&#8221; button_two_border_color=&#8221;#ffffff&#8221; button_two_border_radius=&#8221;0px&#8221; button_two_letter_spacing=&#8221;1px&#8221; button_two_font=&#8221;Lato|700|||||||&#8221; button_two_use_icon=&#8221;off&#8221; custom_padding=&#8221;18%||8%||false|false&#8221; button_one_letter_spacing_hover=&#8221;1px&#8221; button_two_letter_spacing_hover=&#8221;1px&#8221; locked=&#8221;off&#8221; global_colors_info=&#8221;{}&#8221; button_one_text_size__hover_enabled=&#8221;off&#8221; button_two_text_size__hover_enabled=&#8221;off&#8221; button_one_text_color__hover_enabled=&#8221;off&#8221; button_two_text_color__hover_enabled=&#8221;off&#8221; button_one_border_width__hover_enabled=&#8221;off&#8221; button_two_border_width__hover_enabled=&#8221;off&#8221; button_one_border_color__hover_enabled=&#8221;off&#8221; button_two_border_color__hover_enabled=&#8221;off&#8221; button_one_border_radius__hover_enabled=&#8221;off&#8221; button_two_border_radius__hover_enabled=&#8221;off&#8221; button_one_letter_spacing__hover_enabled=&#8221;on&#8221; button_one_letter_spacing__hover=&#8221;1px&#8221; button_two_letter_spacing__hover_enabled=&#8221;on&#8221; button_two_letter_spacing__hover=&#8221;1px&#8221; button_one_bg_color__hover_enabled=&#8221;off&#8221; button_two_bg_color__hover_enabled=&#8221;off&#8221;][\/et_pb_fullwidth_header][\/et_pb_section][et_pb_section fb_built=&#8221;1&#8243; admin_label=&#8221;Information Section&#8221; _builder_version=&#8221;4.24.0&#8243; min_height=&#8221;88px&#8221; custom_padding=&#8221;0px||0px|0px|false|false&#8221; global_colors_info=&#8221;{}&#8221;][et_pb_row _builder_version=&#8221;4.24.0&#8243; _module_preset=&#8221;default&#8221; custom_padding=&#8221;||0px|||&#8221; global_colors_info=&#8221;{}&#8221;][et_pb_column type=&#8221;4_4&#8243; _builder_version=&#8221;4.24.0&#8243; _module_preset=&#8221;default&#8221; global_colors_info=&#8221;{}&#8221;][et_pb_text admin_label=&#8221;Title&#8221; _builder_version=&#8221;4.24.0&#8243; text_font=&#8221;||||||||&#8221; header_font=&#8221;||||||||&#8221; header_2_font=&#8221;Lato||||||||&#8221; header_2_font_size=&#8221;36px&#8221; header_2_line_height=&#8221;1.5em&#8221; module_alignment=&#8221;center&#8221; custom_margin=&#8221;||15px|&#8221; custom_padding=&#8221;|||&#8221; animation_direction=&#8221;left&#8221; locked=&#8221;off&#8221; global_colors_info=&#8221;{}&#8221;]<\/p>\n<h2 style=\"text-align: center;\">Bliv medlem af foreningen og sejl med &#8220;dit eget&#8221; tr\u00e6skib<\/h2>\n<p>[\/et_pb_text][\/et_pb_column][\/et_pb_row][\/et_pb_section][et_pb_section fb_built=&#8221;1&#8243; specialty=&#8221;on&#8221; _builder_version=&#8221;4.24.0&#8243; _module_preset=&#8221;default&#8221; custom_margin=&#8221;0px||||false|false&#8221; custom_padding=&#8221;0px||||false|false&#8221; global_colors_info=&#8221;{}&#8221;][et_pb_column type=&#8221;1_2&#8243; specialty_columns=&#8221;2&#8243; _builder_version=&#8221;4.16&#8243; custom_padding=&#8221;|||&#8221; global_colors_info=&#8221;{}&#8221; custom_padding__hover=&#8221;|||&#8221;][et_pb_row_inner _builder_version=&#8221;4.24.0&#8243; _module_preset=&#8221;default&#8221; custom_margin=&#8221;0px||||false|false&#8221; locked=&#8221;off&#8221; global_colors_info=&#8221;{}&#8221;][et_pb_column_inner saved_specialty_column_type=&#8221;1_2&#8243; _builder_version=&#8221;4.24.0&#8243; _module_preset=&#8221;default&#8221; global_colors_info=&#8221;{}&#8221;][et_pb_text _builder_version=&#8221;4.24.0&#8243; _module_preset=&#8221;default&#8221; global_colors_info=&#8221;{}&#8221;]<\/p>\n<p>Skal sommeren v\u00e6re fyldt med eventyr p\u00e5 gamle tr\u00e6skibe, sejloplevelser, og en friluftsferie, der kombinerer leg, l\u00e6ring og f\u00e6llesskab for b\u00e5de b\u00f8rn og voksne? S\u00e5 er det m\u00e5ske en id\u00e9 at blive en del af vores forening, hvor vi sammen sejler og vedligeholder en skonnert fra \u00e5r 1900. Du beh\u00f8ver ikke v\u00e6re en erfaren s\u00f8mand for at deltage, s\u00e5 l\u00e6nge du er klar til at bidrage til arbejdet ombord og f\u00f8lge de instruktioner, du f\u00e5r fra vores erfarne Skippere. Op til 18 personer kan v\u00e6re om bord ad gangen, inklusive skipper, styrmand og 4 kyndige bes\u00e6tningsmedlemmer. Der er altid plads til nye ansigter!<\/p>\n<p>Vores sommersejladser sp\u00e6nder over b\u00e5de weekendture og l\u00e6ngere sommertogter, hvor du kan v\u00e6re ombord i en hel uge ad gangen. I Sejlplanen finder du \u00e5rets sejlruter og hvilke havne der skiftes i. Se vores turbeskrivelser under menupunktet &#8220;Sejlplan&#8221;Vores medlemmer repr\u00e6senterer en bred vifte af mennesker, der alle deler k\u00e6rligheden til sejlads og kulturen omkring gamle skibe.<\/p>\n<p>Under vores togter fordeles alle opgaver om bord mellem deltagerne, lige fra h\u00e5ndtering af sejl og madlavning til alt det, der skal til for at skabe en behagelig atmosf\u00e6re. Ved l\u00e6ngere sejladser kan vi oprette vagthold, s\u00e5 nogle sejler skibet, mens andre hviler.<\/p>\n<p>En sejltur med Martha indeb\u00e6rer typisk tid til sejloplevelser, afslapning p\u00e5 d\u00e6kket eller i k\u00f8jen og festlige stunder omkring l\u00e6kre m\u00e5ltider. Det beh\u00f8ver ikke at koste en formue at komme med p\u00e5 din f\u00f8rste tur!<\/p>\n<p>\u00a0Se vores fantastiske sejlplan, bliv medlem eller kontakt os her!\u00a0<\/p>\n<p>[\/et_pb_text][\/et_pb_column_inner][\/et_pb_row_inner][et_pb_row_inner column_structure=&#8221;1_3,1_3,1_3&#8243; _builder_version=&#8221;4.24.0&#8243; _module_preset=&#8221;default&#8221; custom_padding=&#8221;|0px||0px|false|false&#8221; global_colors_info=&#8221;{}&#8221;][et_pb_column_inner type=&#8221;1_3&#8243; saved_specialty_column_type=&#8221;1_2&#8243; _builder_version=&#8221;4.24.0&#8243; _module_preset=&#8221;default&#8221; custom_padding=&#8221;|0px||0px|false|false&#8221; global_colors_info=&#8221;{}&#8221;][et_pb_button button_url=&#8221;@ET-DC@eyJkeW5hbWljIjp0cnVlLCJjb250ZW50IjoicG9zdF9saW5rX3VybF9wYWdlIiwic2V0dGluZ3MiOnsicG9zdF9pZCI6IjcwNiJ9fQ==@&#8221; button_text=&#8221;Sejlplan&#8221; button_alignment=&#8221;left&#8221; module_class=&#8221;Knapper&#8221; _builder_version=&#8221;4.24.0&#8243; _dynamic_attributes=&#8221;button_url&#8221; _module_preset=&#8221;default&#8221; custom_button=&#8221;on&#8221; button_bg_color=&#8221;#304674&#8243; custom_margin=&#8221;0px|0px|0px|0px|false|false&#8221; custom_css_free_form=&#8221;.Knapper{||  \twidth:100%;||    text-align:center;||  \tborder-radius:15px;||  \tborder-width:0px;||  \tborder:none;||}&#8221; global_colors_info=&#8221;{}&#8221;][\/et_pb_button][\/et_pb_column_inner][et_pb_column_inner type=&#8221;1_3&#8243; saved_specialty_column_type=&#8221;1_2&#8243; _builder_version=&#8221;4.24.0&#8243; _module_preset=&#8221;default&#8221; global_colors_info=&#8221;{}&#8221;][et_pb_button button_url=&#8221;@ET-DC@eyJkeW5hbWljIjp0cnVlLCJjb250ZW50IjoicG9zdF9saW5rX3VybF9wYWdlIiwic2V0dGluZ3MiOnsicG9zdF9pZCI6IjcwOSJ9fQ==@&#8221; button_text=&#8221;Bliv medlem&#8221; module_class=&#8221;Knapper&#8221; _builder_version=&#8221;4.24.0&#8243; _dynamic_attributes=&#8221;button_url&#8221; _module_preset=&#8221;default&#8221; custom_button=&#8221;on&#8221; button_bg_color=&#8221;#ee6969&#8243; custom_margin=&#8221;|-25px||-25px|false|false&#8221; global_colors_info=&#8221;{}&#8221;][\/et_pb_button][\/et_pb_column_inner][et_pb_column_inner type=&#8221;1_3&#8243; saved_specialty_column_type=&#8221;1_2&#8243; _builder_version=&#8221;4.24.0&#8243; _module_preset=&#8221;default&#8221; global_colors_info=&#8221;{}&#8221;][et_pb_button button_url=&#8221;@ET-DC@eyJkeW5hbWljIjp0cnVlLCJjb250ZW50IjoicG9zdF9saW5rX3VybF9wYWdlIiwic2V0dGluZ3MiOnsicG9zdF9pZCI6IjcwMCJ9fQ==@&#8221; button_text=&#8221;Kontakt&#8221; button_text_tablet=&#8221;Kontakt&#8221; button_text_phone=&#8221;Kontakt&#8221; button_text_last_edited=&#8221;on|desktop&#8221; module_class=&#8221;Knapper&#8221; _builder_version=&#8221;4.24.0&#8243; _dynamic_attributes=&#8221;button_url&#8221; _module_preset=&#8221;default&#8221; custom_button=&#8221;on&#8221; button_bg_color=&#8221;#77dd77&#8243; global_colors_info=&#8221;{}&#8221;][\/et_pb_button][\/et_pb_column_inner][\/et_pb_row_inner][\/et_pb_column][et_pb_column type=&#8221;1_2&#8243; _builder_version=&#8221;4.16&#8243; custom_padding=&#8221;|||&#8221; global_colors_info=&#8221;{}&#8221; custom_padding__hover=&#8221;|||&#8221;][et_pb_image src=&#8221;https:\/\/skonnertenmartha.dk\/wp-content\/uploads\/2024\/02\/ankerlanterne-billede.jpg&#8221; title_text=&#8221;ankerlanterne billede&#8221; _builder_version=&#8221;4.24.0&#8243; _module_preset=&#8221;default&#8221; global_colors_info=&#8221;{}&#8221;][\/et_pb_image][et_pb_image src=&#8221;https:\/\/skonnertenmartha.dk\/wp-content\/uploads\/2024\/02\/food-12.jpg&#8221; title_text=&#8221;to marthanere p\u00e5 bovsprydet&#8221; _builder_version=&#8221;4.24.0&#8243; _module_preset=&#8221;default&#8221; global_colors_info=&#8221;{}&#8221;][\/et_pb_image][et_pb_image src=&#8221;https:\/\/skonnertenmartha.dk\/wp-content\/uploads\/2024\/02\/Billede-12.02.2024-kl.-19.07.jpg&#8221; title_text=&#8221;Billede 12.02.2024 kl. 19.07&#8243; align=&#8221;right&#8221; disabled_on=&#8221;on|off|off&#8221; _builder_version=&#8221;4.24.0&#8243; _module_preset=&#8221;default&#8221; global_colors_info=&#8221;{}&#8221;][\/et_pb_image][\/et_pb_column][\/et_pb_section][et_pb_section fb_built=&#8221;1&#8243; fullwidth=&#8221;on&#8221; admin_label=&#8221;Call to Action&#8221; _builder_version=&#8221;4.23.4&#8243; animation_style=&#8221;slide&#8221; animation_direction=&#8221;bottom&#8221; animation_intensity_slide=&#8221;6%&#8221; animation_starting_opacity=&#8221;100%&#8221; global_module=&#8221;1126&#8243; locked=&#8221;off&#8221; global_colors_info=&#8221;{}&#8221;][et_pb_fullwidth_header title=&#8221;Bliv medlem eller st\u00f8t foreningen &#8211; idag!&#8221; button_one_text=&#8221;Bliv medlem&#8221; button_one_url=&#8221;@ET-DC@eyJkeW5hbWljIjp0cnVlLCJjb250ZW50IjoicG9zdF9saW5rX3VybF9wYWdlIiwic2V0dGluZ3MiOnsicG9zdF9pZCI6IjcwOSJ9fQ==@&#8221; button_two_text=&#8221;St\u00f8t&#8221; button_two_url=&#8221;@ET-DC@eyJkeW5hbWljIjp0cnVlLCJjb250ZW50IjoicG9zdF9saW5rX3VybF9wYWdlIiwic2V0dGluZ3MiOnsicG9zdF9pZCI6IjY5OSJ9fQ==@&#8221; content_max_width=&#8221;800px&#8221; _builder_version=&#8221;4.23.4&#8243; _dynamic_attributes=&#8221;button_one_url,button_two_url&#8221; title_level=&#8221;h2&#8243; title_font=&#8221;Lato||||||||&#8221; title_font_size=&#8221;60px&#8221; title_line_height=&#8221;1.2em&#8221; content_font=&#8221;||||||||&#8221; content_font_size=&#8221;20px&#8221; content_line_height=&#8221;1.8em&#8221; background_color=&#8221;rgba(255, 255, 255, 0)&#8221; use_background_color_gradient=&#8221;on&#8221; background_color_gradient_direction=&#8221;90deg&#8221; background_color_gradient_stops=&#8221;rgba(0,0,0,0.75) 0%|rgba(0,0,0,0) 100%&#8221; background_color_gradient_overlays_image=&#8221;on&#8221; background_color_gradient_start=&#8221;rgba(0,0,0,0.75)&#8221; background_color_gradient_end=&#8221;rgba(0,0,0,0)&#8221; background_image=&#8221;https:\/\/skonnertenmartha.dk\/wp-content\/uploads\/2024\/02\/IMG_5890-scaled.jpg&#8221; custom_button_one=&#8221;on&#8221; button_one_text_size=&#8221;18px&#8221; button_one_bg_color=&#8221;#02d002&#8243; button_one_border_width=&#8221;8px&#8221; button_one_border_color=&#8221;#02d002&#8243; button_one_border_radius=&#8221;0px&#8221; button_one_letter_spacing=&#8221;1px&#8221; button_one_font=&#8221;Lato|700|||||||&#8221; button_one_use_icon=&#8221;off&#8221; custom_button_two=&#8221;on&#8221; button_two_text_size=&#8221;18px&#8221; button_two_text_color=&#8221;#353740&#8243; button_two_bg_color=&#8221;#ffffff&#8221; button_two_border_width=&#8221;8px&#8221; button_two_border_color=&#8221;#ffffff&#8221; button_two_border_radius=&#8221;0px&#8221; button_two_letter_spacing=&#8221;1px&#8221; button_two_font=&#8221;Lato|700|||||||&#8221; button_two_use_icon=&#8221;off&#8221; custom_margin=&#8221;|||&#8221; custom_padding=&#8221;8%||8%|&#8221; button_one_letter_spacing_hover=&#8221;1px&#8221; button_two_letter_spacing_hover=&#8221;1px&#8221; global_colors_info=&#8221;{}&#8221; button_one_text_size__hover_enabled=&#8221;off&#8221; button_two_text_size__hover_enabled=&#8221;off&#8221; button_one_text_color__hover_enabled=&#8221;off&#8221; button_two_text_color__hover_enabled=&#8221;off&#8221; button_one_border_width__hover_enabled=&#8221;off&#8221; button_two_border_width__hover_enabled=&#8221;off&#8221; button_one_border_color__hover_enabled=&#8221;off&#8221; button_two_border_color__hover_enabled=&#8221;off&#8221; button_one_border_radius__hover_enabled=&#8221;off&#8221; button_two_border_radius__hover_enabled=&#8221;off&#8221; button_one_letter_spacing__hover_enabled=&#8221;on&#8221; button_one_letter_spacing__hover=&#8221;1px&#8221; button_two_letter_spacing__hover_enabled=&#8221;on&#8221; button_two_letter_spacing__hover=&#8221;1px&#8221; button_one_bg_color__hover_enabled=&#8221;off&#8221; button_two_bg_color__hover_enabled=&#8221;off&#8221;][\/et_pb_fullwidth_header][\/et_pb_section]<\/p>\n","protected":false},"excerpt":{"rendered":"<p>Bliv medlem af foreningen og sejl med &#8220;dit eget&#8221; tr\u00e6skibSkal sommeren v\u00e6re fyldt med eventyr p\u00e5 gamle tr\u00e6skibe, sejloplevelser, og en friluftsferie, der kombinerer leg, l\u00e6ring og f\u00e6llesskab for b\u00e5de b\u00f8rn og voksne? S\u00e5 er det m\u00e5ske en id\u00e9 at blive en del af vores forening, hvor vi sammen sejler og vedligeholder en skonnert fra [&hellip;]<\/p>\n","protected":false},"author":1,"featured_media":0,"parent":0,"menu_order":10,"comment_status":"closed","ping_status":"closed","template":"","meta":{"_et_pb_use_builder":"on","_et_pb_old_content":"","_et_gb_content_width":"","footnotes":""},"class_list":["post-343","page","type-page","status-publish","hentry"],"yoast_head":"<!-- This site is optimized with the Yoast SEO plugin v27.2 - https:\/\/yoast.com\/product\/yoast-seo-wordpress\/ -->\n<title>Sejl med - Skonnerten Martha<\/title>\n<meta name=\"robots\" content=\"index, follow, max-snippet:-1, max-image-preview:large, max-video-preview:-1\" \/>\n<link rel=\"canonical\" href=\"https:\/\/skonnertenmartha.dk\/index.php\/sejl-til-at-sejle-og-vedligeholde-skibet\/\" \/>\n<meta property=\"og:locale\" content=\"da_DK\" \/>\n<meta property=\"og:type\" content=\"article\" \/>\n<meta property=\"og:title\" content=\"Sejl med - Skonnerten Martha\" \/>\n<meta property=\"og:description\" content=\"Bliv medlem af foreningen og sejl med &quot;dit eget&quot; tr\u00e6skibSkal sommeren v\u00e6re fyldt med eventyr p\u00e5 gamle tr\u00e6skibe, sejloplevelser, og en friluftsferie, der kombinerer leg, l\u00e6ring og f\u00e6llesskab for b\u00e5de b\u00f8rn og voksne? S\u00e5 er det m\u00e5ske en id\u00e9 at blive en del af vores forening, hvor vi sammen sejler og vedligeholder en skonnert fra [&hellip;]\" \/>\n<meta property=\"og:url\" content=\"https:\/\/skonnertenmartha.dk\/index.php\/sejl-til-at-sejle-og-vedligeholde-skibet\/\" \/>\n<meta property=\"og:site_name\" content=\"Skonnerten Martha\" \/>\n<meta property=\"article:publisher\" content=\"https:\/\/www.facebook.com\/SkonnertenMartha.dk\" \/>\n<meta property=\"article:modified_time\" content=\"2024-06-06T21:48:31+00:00\" \/>\n<meta property=\"og:image\" content=\"https:\/\/skonnertenmartha.dk\/wp-content\/uploads\/2023\/11\/martah_roed.png\" \/>\n\t<meta property=\"og:image:width\" content=\"1200\" \/>\n\t<meta property=\"og:image:height\" content=\"1200\" \/>\n\t<meta property=\"og:image:type\" content=\"image\/png\" \/>\n<meta name=\"twitter:card\" content=\"summary_large_image\" \/>\n<script type=\"application\/ld+json\" class=\"yoast-schema-graph\">{\"@context\":\"https:\/\/schema.org\",\"@graph\":[{\"@type\":\"WebPage\",\"@id\":\"https:\/\/skonnertenmartha.dk\/index.php\/sejl-til-at-sejle-og-vedligeholde-skibet\/\",\"url\":\"https:\/\/skonnertenmartha.dk\/index.php\/sejl-til-at-sejle-og-vedligeholde-skibet\/\",\"name\":\"Sejl med - Skonnerten Martha\",\"isPartOf\":{\"@id\":\"https:\/\/skonnertenmartha.dk\/#website\"},\"datePublished\":\"2023-11-29T18:22:20+00:00\",\"dateModified\":\"2024-06-06T21:48:31+00:00\",\"breadcrumb\":{\"@id\":\"https:\/\/skonnertenmartha.dk\/index.php\/sejl-til-at-sejle-og-vedligeholde-skibet\/#breadcrumb\"},\"inLanguage\":\"da-DK\",\"potentialAction\":[{\"@type\":\"ReadAction\",\"target\":[\"https:\/\/skonnertenmartha.dk\/index.php\/sejl-til-at-sejle-og-vedligeholde-skibet\/\"]}]},{\"@type\":\"BreadcrumbList\",\"@id\":\"https:\/\/skonnertenmartha.dk\/index.php\/sejl-til-at-sejle-og-vedligeholde-skibet\/#breadcrumb\",\"itemListElement\":[{\"@type\":\"ListItem\",\"position\":1,\"name\":\"Hjem\",\"item\":\"https:\/\/skonnertenmartha.dk\/\"},{\"@type\":\"ListItem\",\"position\":2,\"name\":\"Sejl med\"}]},{\"@type\":\"WebSite\",\"@id\":\"https:\/\/skonnertenmartha.dk\/#website\",\"url\":\"https:\/\/skonnertenmartha.dk\/\",\"name\":\"Skonnertenmartha.dk\",\"description\":\"\",\"publisher\":{\"@id\":\"https:\/\/skonnertenmartha.dk\/#organization\"},\"alternateName\":\"skonnert.dk\",\"potentialAction\":[{\"@type\":\"SearchAction\",\"target\":{\"@type\":\"EntryPoint\",\"urlTemplate\":\"https:\/\/skonnertenmartha.dk\/?s={search_term_string}\"},\"query-input\":{\"@type\":\"PropertyValueSpecification\",\"valueRequired\":true,\"valueName\":\"search_term_string\"}}],\"inLanguage\":\"da-DK\"},{\"@type\":\"Organization\",\"@id\":\"https:\/\/skonnertenmartha.dk\/#organization\",\"name\":\"Foreningen til Skonnerten Marthas Restaurering\",\"alternateName\":\"Martha foreningen\",\"url\":\"https:\/\/skonnertenmartha.dk\/\",\"logo\":{\"@type\":\"ImageObject\",\"inLanguage\":\"da-DK\",\"@id\":\"https:\/\/skonnertenmartha.dk\/#\/schema\/logo\/image\/\",\"url\":\"https:\/\/skonnertenmartha.dk\/wp-content\/uploads\/2023\/11\/martah_roed.png\",\"contentUrl\":\"https:\/\/skonnertenmartha.dk\/wp-content\/uploads\/2023\/11\/martah_roed.png\",\"width\":1200,\"height\":1200,\"caption\":\"Foreningen til Skonnerten Marthas Restaurering\"},\"image\":{\"@id\":\"https:\/\/skonnertenmartha.dk\/#\/schema\/logo\/image\/\"},\"sameAs\":[\"https:\/\/www.facebook.com\/SkonnertenMartha.dk\",\"https:\/\/www.instagram.com\/skonnerten_martha\/\",\"https:\/\/www.facebook.com\/groups\/skonnertenmartha.dk\"]}]}<\/script>\n<!-- \/ Yoast SEO plugin. -->","yoast_head_json":{"title":"Sejl med - Skonnerten Martha","robots":{"index":"index","follow":"follow","max-snippet":"max-snippet:-1","max-image-preview":"max-image-preview:large","max-video-preview":"max-video-preview:-1"},"canonical":"https:\/\/skonnertenmartha.dk\/index.php\/sejl-til-at-sejle-og-vedligeholde-skibet\/","og_locale":"da_DK","og_type":"article","og_title":"Sejl med - Skonnerten Martha","og_description":"Bliv medlem af foreningen og sejl med \"dit eget\" tr\u00e6skibSkal sommeren v\u00e6re fyldt med eventyr p\u00e5 gamle tr\u00e6skibe, sejloplevelser, og en friluftsferie, der kombinerer leg, l\u00e6ring og f\u00e6llesskab for b\u00e5de b\u00f8rn og voksne? S\u00e5 er det m\u00e5ske en id\u00e9 at blive en del af vores forening, hvor vi sammen sejler og vedligeholder en skonnert fra [&hellip;]","og_url":"https:\/\/skonnertenmartha.dk\/index.php\/sejl-til-at-sejle-og-vedligeholde-skibet\/","og_site_name":"Skonnerten Martha","article_publisher":"https:\/\/www.facebook.com\/SkonnertenMartha.dk","article_modified_time":"2024-06-06T21:48:31+00:00","og_image":[{"width":1200,"height":1200,"url":"https:\/\/skonnertenmartha.dk\/wp-content\/uploads\/2023\/11\/martah_roed.png","type":"image\/png"}],"twitter_card":"summary_large_image","schema":{"@context":"https:\/\/schema.org","@graph":[{"@type":"WebPage","@id":"https:\/\/skonnertenmartha.dk\/index.php\/sejl-til-at-sejle-og-vedligeholde-skibet\/","url":"https:\/\/skonnertenmartha.dk\/index.php\/sejl-til-at-sejle-og-vedligeholde-skibet\/","name":"Sejl med - Skonnerten Martha","isPartOf":{"@id":"https:\/\/skonnertenmartha.dk\/#website"},"datePublished":"2023-11-29T18:22:20+00:00","dateModified":"2024-06-06T21:48:31+00:00","breadcrumb":{"@id":"https:\/\/skonnertenmartha.dk\/index.php\/sejl-til-at-sejle-og-vedligeholde-skibet\/#breadcrumb"},"inLanguage":"da-DK","potentialAction":[{"@type":"ReadAction","target":["https:\/\/skonnertenmartha.dk\/index.php\/sejl-til-at-sejle-og-vedligeholde-skibet\/"]}]},{"@type":"BreadcrumbList","@id":"https:\/\/skonnertenmartha.dk\/index.php\/sejl-til-at-sejle-og-vedligeholde-skibet\/#breadcrumb","itemListElement":[{"@type":"ListItem","position":1,"name":"Hjem","item":"https:\/\/skonnertenmartha.dk\/"},{"@type":"ListItem","position":2,"name":"Sejl med"}]},{"@type":"WebSite","@id":"https:\/\/skonnertenmartha.dk\/#website","url":"https:\/\/skonnertenmartha.dk\/","name":"Skonnertenmartha.dk","description":"","publisher":{"@id":"https:\/\/skonnertenmartha.dk\/#organization"},"alternateName":"skonnert.dk","potentialAction":[{"@type":"SearchAction","target":{"@type":"EntryPoint","urlTemplate":"https:\/\/skonnertenmartha.dk\/?s={search_term_string}"},"query-input":{"@type":"PropertyValueSpecification","valueRequired":true,"valueName":"search_term_string"}}],"inLanguage":"da-DK"},{"@type":"Organization","@id":"https:\/\/skonnertenmartha.dk\/#organization","name":"Foreningen til Skonnerten Marthas Restaurering","alternateName":"Martha foreningen","url":"https:\/\/skonnertenmartha.dk\/","logo":{"@type":"ImageObject","inLanguage":"da-DK","@id":"https:\/\/skonnertenmartha.dk\/#\/schema\/logo\/image\/","url":"https:\/\/skonnertenmartha.dk\/wp-content\/uploads\/2023\/11\/martah_roed.png","contentUrl":"https:\/\/skonnertenmartha.dk\/wp-content\/uploads\/2023\/11\/martah_roed.png","width":1200,"height":1200,"caption":"Foreningen til Skonnerten Marthas Restaurering"},"image":{"@id":"https:\/\/skonnertenmartha.dk\/#\/schema\/logo\/image\/"},"sameAs":["https:\/\/www.facebook.com\/SkonnertenMartha.dk","https:\/\/www.instagram.com\/skonnerten_martha\/","https:\/\/www.facebook.com\/groups\/skonnertenmartha.dk"]}]}},"_links":{"self":[{"href":"https:\/\/skonnertenmartha.dk\/index.php\/wp-json\/wp\/v2\/pages\/343","targetHints":{"allow":["GET"]}}],"collection":[{"href":"https:\/\/skonnertenmartha.dk\/index.php\/wp-json\/wp\/v2\/pages"}],"about":[{"href":"https:\/\/skonnertenmartha.dk\/index.php\/wp-json\/wp\/v2\/types\/page"}],"author":[{"embeddable":true,"href":"https:\/\/skonnertenmartha.dk\/index.php\/wp-json\/wp\/v2\/users\/1"}],"replies":[{"embeddable":true,"href":"https:\/\/skonnertenmartha.dk\/index.php\/wp-json\/wp\/v2\/comments?post=343"}],"version-history":[{"count":32,"href":"https:\/\/skonnertenmartha.dk\/index.php\/wp-json\/wp\/v2\/pages\/343\/revisions"}],"predecessor-version":[{"id":2034,"href":"https:\/\/skonnertenmartha.dk\/index.php\/wp-json\/wp\/v2\/pages\/343\/revisions\/2034"}],"wp:attachment":[{"href":"https:\/\/skonnertenmartha.dk\/index.php\/wp-json\/wp\/v2\/media?parent=343"}],"curies":[{"name":"wp","href":"https:\/\/api.w.org\/{rel}","templated":true}]}}