{"id":3318,"date":"2025-12-10T13:18:32","date_gmt":"2025-12-10T13:18:32","guid":{"rendered":"https:\/\/skonnertenmartha.dk\/?page_id=3318"},"modified":"2025-12-10T13:22:40","modified_gmt":"2025-12-10T13:22:40","slug":"3318-2","status":"publish","type":"page","link":"https:\/\/skonnertenmartha.dk\/index.php\/3318-2\/","title":{"rendered":""},"content":{"rendered":"<p>[et_pb_section fb_built=&#8221;1&#8243; fullwidth=&#8221;on&#8221; admin_label=&#8221;Call to Action&#8221; _builder_version=&#8221;4.24.0&#8243; animation_style=&#8221;slide&#8221; animation_direction=&#8221;bottom&#8221; animation_intensity_slide=&#8221;6%&#8221; animation_starting_opacity=&#8221;100%&#8221; locked=&#8221;off&#8221; global_colors_info=&#8221;{}&#8221; theme_builder_area=&#8221;post_content&#8221;][et_pb_fullwidth_header title=&#8221;Medlemssider&#8221; content_max_width=&#8221;800px&#8221; _builder_version=&#8221;4.24.0&#8243; title_level=&#8221;h2&#8243; title_font=&#8221;Lato||||||||&#8221; title_font_size=&#8221;60px&#8221; title_line_height=&#8221;1.2em&#8221; content_font=&#8221;||||||||&#8221; content_font_size=&#8221;20px&#8221; content_line_height=&#8221;1.8em&#8221; background_color=&#8221;rgba(255, 255, 255, 0)&#8221; use_background_color_gradient=&#8221;on&#8221; background_color_gradient_direction=&#8221;90deg&#8221; background_color_gradient_stops=&#8221;rgba(0,0,0,0.75) 0%|rgba(0,0,0,0) 100%&#8221; background_color_gradient_overlays_image=&#8221;on&#8221; background_color_gradient_start=&#8221;rgba(0,0,0,0.75)&#8221; background_color_gradient_end=&#8221;rgba(0,0,0,0)&#8221; background_image=&#8221;https:\/\/skonnertenmartha.dk\/wp-content\/uploads\/2023\/12\/Generalforsamling-2023-foto-Kjeld-e1702479512937.jpg&#8221; custom_button_one=&#8221;on&#8221; button_one_text_size=&#8221;18px&#8221; button_one_bg_color=&#8221;#02d002&#8243; button_one_border_width=&#8221;8px&#8221; button_one_border_color=&#8221;#02d002&#8243; button_one_border_radius=&#8221;0px&#8221; button_one_letter_spacing=&#8221;1px&#8221; button_one_font=&#8221;Lato|700|||||||&#8221; button_one_use_icon=&#8221;off&#8221; custom_button_two=&#8221;on&#8221; button_two_text_size=&#8221;18px&#8221; button_two_text_color=&#8221;#353740&#8243; button_two_bg_color=&#8221;#ffffff&#8221; button_two_border_width=&#8221;8px&#8221; button_two_border_color=&#8221;#ffffff&#8221; button_two_border_radius=&#8221;0px&#8221; button_two_letter_spacing=&#8221;1px&#8221; button_two_font=&#8221;Lato|700|||||||&#8221; button_two_use_icon=&#8221;off&#8221; custom_margin=&#8221;|||&#8221; custom_padding=&#8221;8%||8%|&#8221; button_one_letter_spacing_hover=&#8221;1px&#8221; button_two_letter_spacing_hover=&#8221;1px&#8221; global_colors_info=&#8221;{}&#8221; button_one_text_size__hover_enabled=&#8221;off&#8221; button_two_text_size__hover_enabled=&#8221;off&#8221; button_one_text_color__hover_enabled=&#8221;off&#8221; button_two_text_color__hover_enabled=&#8221;off&#8221; button_one_border_width__hover_enabled=&#8221;off&#8221; button_two_border_width__hover_enabled=&#8221;off&#8221; button_one_border_color__hover_enabled=&#8221;off&#8221; button_two_border_color__hover_enabled=&#8221;off&#8221; button_one_border_radius__hover_enabled=&#8221;off&#8221; button_two_border_radius__hover_enabled=&#8221;off&#8221; button_one_letter_spacing__hover_enabled=&#8221;on&#8221; button_one_letter_spacing__hover=&#8221;1px&#8221; button_two_letter_spacing__hover_enabled=&#8221;on&#8221; button_two_letter_spacing__hover=&#8221;1px&#8221; button_one_bg_color__hover_enabled=&#8221;off&#8221; button_two_bg_color__hover_enabled=&#8221;off&#8221; theme_builder_area=&#8221;post_content&#8221;][\/et_pb_fullwidth_header][\/et_pb_section][et_pb_section fb_built=&#8221;1&#8243; admin_label=&#8221;MedlemssiderSection&#8221; _builder_version=&#8221;4.27.4&#8243; min_height=&#8221;1490px&#8221; custom_padding=&#8221;30px||69px|||&#8221; animation_style=&#8221;zoom&#8221; animation_intensity_zoom=&#8221;6%&#8221; animation_starting_opacity=&#8221;100%&#8221; global_module=&#8221;1672&#8243; saved_tabs=&#8221;all&#8221; global_colors_info=&#8221;{}&#8221; theme_builder_area=&#8221;post_content&#8221;][et_pb_row _builder_version=&#8221;4.27.5&#8243; _module_preset=&#8221;default&#8221; theme_builder_area=&#8221;post_content&#8221;][et_pb_column _builder_version=&#8221;4.27.5&#8243; _module_preset=&#8221;default&#8221; type=&#8221;4_4&#8243; theme_builder_area=&#8221;post_content&#8221;][et_pb_text _builder_version=&#8221;4.27.5&#8243; _module_preset=&#8221;default&#8221; theme_builder_area=&#8221;post_content&#8221; hover_enabled=&#8221;0&#8243; sticky_enabled=&#8221;0&#8243;]<\/p>\n<p>Vejledninger:<\/p>\n<p>[\/et_pb_text][\/et_pb_column][\/et_pb_row][et_pb_row _builder_version=&#8221;4.27.5&#8243; _module_preset=&#8221;default&#8221; theme_builder_area=&#8221;post_content&#8221;][et_pb_column _builder_version=&#8221;4.27.5&#8243; _module_preset=&#8221;default&#8221; type=&#8221;4_4&#8243; theme_builder_area=&#8221;post_content&#8221;][et_pb_blog _builder_version=&#8221;4.27.5&#8243; _module_preset=&#8221;default&#8221; theme_builder_area=&#8221;post_content&#8221; include_categories=&#8221;43&#8243; hover_enabled=&#8221;0&#8243; sticky_enabled=&#8221;0&#8243; excerpt_length=&#8221;0&#8243; fullwidth=&#8221;off&#8221;][\/et_pb_blog][\/et_pb_column][\/et_pb_row][et_pb_row _builder_version=&#8221;4.27.5&#8243; _module_preset=&#8221;default&#8221; theme_builder_area=&#8221;post_content&#8221;][et_pb_column _builder_version=&#8221;4.27.5&#8243; _module_preset=&#8221;default&#8221; type=&#8221;4_4&#8243; theme_builder_area=&#8221;post_content&#8221;][et_pb_text _builder_version=&#8221;4.27.5&#8243; _module_preset=&#8221;default&#8221; theme_builder_area=&#8221;post_content&#8221; hover_enabled=&#8221;0&#8243; sticky_enabled=&#8221;0&#8243; custom_padding=&#8221;1px|||||&#8221;]<\/p>\n<h2>Foreningsdokumenter<\/h2>\n<p>[\/et_pb_text][\/et_pb_column][\/et_pb_row][et_pb_row _builder_version=&#8221;4.27.5&#8243; _module_preset=&#8221;default&#8221; theme_builder_area=&#8221;post_content&#8221; column_structure=&#8221;1_3,1_3,1_3&#8243;][et_pb_column _builder_version=&#8221;4.27.5&#8243; _module_preset=&#8221;default&#8221; type=&#8221;1_3&#8243; theme_builder_area=&#8221;post_content&#8221;][et_pb_cta title=&#8221;Vedt\u00e6gter&#8221; button_text=&#8221;Hent&#8221; _builder_version=&#8221;4.27.5&#8243; _module_preset=&#8221;default&#8221; theme_builder_area=&#8221;post_content&#8221; button_url=&#8221;https:\/\/groskopf.dk\/wp-content\/uploads\/2024\/02\/Vedtagter_for_foreningen_til_Skonnerten_Marthas_Restaurering_jan2015.pdf&#8221; hover_enabled=&#8221;0&#8243; sticky_enabled=&#8221;0&#8243;]<\/p>\n<p><span>Som vedtaget p\u00e5 generalforsamlingen 2015<\/span><\/p>\n<p>[\/et_pb_cta][\/et_pb_column][et_pb_column _builder_version=&#8221;4.27.5&#8243; _module_preset=&#8221;default&#8221; type=&#8221;1_3&#8243; theme_builder_area=&#8221;post_content&#8221;][et_pb_cta title=&#8221;Vedt\u00e6gter&#8221; button_text=&#8221;Hent&#8221; _builder_version=&#8221;4.27.5&#8243; _module_preset=&#8221;default&#8221; theme_builder_area=&#8221;post_content&#8221; button_url=&#8221;https:\/\/groskopf.dk\/wp-content\/uploads\/2024\/02\/Vedtagter_for_foreningen_til_Skonnerten_Marthas_Restaurering_jan2015.pdf&#8221; hover_enabled=&#8221;0&#8243; sticky_enabled=&#8221;0&#8243;]<\/p>\n<p><span>Som vedtaget p\u00e5 generalforsamlingen 2015<\/span><\/p>\n<p>[\/et_pb_cta][\/et_pb_column][et_pb_column _builder_version=&#8221;4.27.5&#8243; _module_preset=&#8221;default&#8221; type=&#8221;1_3&#8243; theme_builder_area=&#8221;post_content&#8221;][\/et_pb_column][\/et_pb_row][et_pb_row _builder_version=&#8221;4.27.5&#8243; _module_preset=&#8221;default&#8221; theme_builder_area=&#8221;post_content&#8221;][et_pb_column _builder_version=&#8221;4.27.5&#8243; _module_preset=&#8221;default&#8221; type=&#8221;4_4&#8243; theme_builder_area=&#8221;post_content&#8221;][et_pb_text _builder_version=&#8221;4.27.5&#8243; _module_preset=&#8221;default&#8221; theme_builder_area=&#8221;post_content&#8221; hover_enabled=&#8221;0&#8243; sticky_enabled=&#8221;0&#8243;]<\/p>\n<h2>SMS &#8211; og undervisningsmateriale<\/h2>\n<p>[\/et_pb_text][\/et_pb_column][\/et_pb_row][\/et_pb_section][et_pb_section fb_built=&#8221;1&#8243; _builder_version=&#8221;4.24.0&#8243; _module_preset=&#8221;default&#8221; global_colors_info=&#8221;{}&#8221; theme_builder_area=&#8221;post_content&#8221;][et_pb_row _builder_version=&#8221;4.24.0&#8243; _module_preset=&#8221;default&#8221; global_colors_info=&#8221;{}&#8221; theme_builder_area=&#8221;post_content&#8221;][et_pb_column type=&#8221;4_4&#8243; _builder_version=&#8221;4.24.0&#8243; _module_preset=&#8221;default&#8221; global_colors_info=&#8221;{}&#8221; theme_builder_area=&#8221;post_content&#8221;][et_pb_text _builder_version=&#8221;4.24.0&#8243; _module_preset=&#8221;default&#8221; global_colors_info=&#8221;{}&#8221; theme_builder_area=&#8221;post_content&#8221;]<\/p>\n<h2>Deltagerliste og beskyttede sider:<\/h2>\n<p>[\/et_pb_text][et_pb_text _builder_version=&#8221;4.24.0&#8243; _module_preset=&#8221;default&#8221; global_colors_info=&#8221;{}&#8221; theme_builder_area=&#8221;post_content&#8221;]<\/p>\n<p>&nbsp;<\/p>\n<p>Nogle af medlemssiderne er blevet flyttet, da de indeholdt persondata, som vi \u00f8nsker at beskytte.<\/p>\n<p>Log ind p\u00e5 Conventus med dit medlemslogin. Under din profil finder du et link til de interne sider. <em><strong>Adgangskode fremg\u00e5r af Martha Posten.<\/strong><\/em><\/p>\n<p>Her kan du blandt andet finde deltagerlister og regnskaber.<\/p>\n<p>[\/et_pb_text][et_pb_button button_url=&#8221;https:\/\/www.conventus.dk\/medlemslogin\/index.php?forening=13352&#8243; button_text=&#8221;Medlemslogin&#8221; _builder_version=&#8221;4.24.0&#8243; _module_preset=&#8221;default&#8221; global_colors_info=&#8221;{}&#8221; theme_builder_area=&#8221;post_content&#8221;][\/et_pb_button][\/et_pb_column][\/et_pb_row][\/et_pb_section]<\/p>\n","protected":false},"excerpt":{"rendered":"<p>Vejledninger:ForeningsdokumenterSom vedtaget p\u00e5 generalforsamlingen 2015Som vedtaget p\u00e5 generalforsamlingen 2015SMS &#8211; og undervisningsmaterialeDeltagerliste og beskyttede sider:&nbsp; Nogle af medlemssiderne er blevet flyttet, da de indeholdt persondata, som vi \u00f8nsker at beskytte. Log ind p\u00e5 Conventus med dit medlemslogin. Under din profil finder du et link til de interne sider. Adgangskode fremg\u00e5r af Martha Posten. Her kan [&hellip;]<\/p>\n","protected":false},"author":1,"featured_media":0,"parent":0,"menu_order":0,"comment_status":"closed","ping_status":"closed","template":"","meta":{"_et_pb_use_builder":"on","_et_pb_old_content":"","_et_gb_content_width":"","footnotes":""},"class_list":["post-3318","page","type-page","status-publish","hentry"],"yoast_head":"<!-- This site is optimized with the Yoast SEO plugin v27.2 - https:\/\/yoast.com\/product\/yoast-seo-wordpress\/ -->\n<title>- Skonnerten Martha<\/title>\n<meta name=\"robots\" content=\"index, follow, max-snippet:-1, max-image-preview:large, max-video-preview:-1\" \/>\n<link rel=\"canonical\" href=\"https:\/\/skonnertenmartha.dk\/index.php\/3318-2\/\" \/>\n<meta property=\"og:locale\" content=\"da_DK\" \/>\n<meta property=\"og:type\" content=\"article\" \/>\n<meta property=\"og:title\" content=\"- Skonnerten Martha\" \/>\n<meta property=\"og:description\" content=\"Vejledninger:ForeningsdokumenterSom vedtaget p\u00e5 generalforsamlingen 2015Som vedtaget p\u00e5 generalforsamlingen 2015SMS - og undervisningsmaterialeDeltagerliste og beskyttede sider:&nbsp; Nogle af medlemssiderne er blevet flyttet, da de indeholdt persondata, som vi \u00f8nsker at beskytte. Log ind p\u00e5 Conventus med dit medlemslogin. Under din profil finder du et link til de interne sider. Adgangskode fremg\u00e5r af Martha Posten. Her kan [&hellip;]\" \/>\n<meta property=\"og:url\" content=\"https:\/\/skonnertenmartha.dk\/index.php\/3318-2\/\" \/>\n<meta property=\"og:site_name\" content=\"Skonnerten Martha\" \/>\n<meta property=\"article:publisher\" content=\"https:\/\/www.facebook.com\/SkonnertenMartha.dk\" \/>\n<meta property=\"article:modified_time\" content=\"2025-12-10T13:22:40+00:00\" \/>\n<meta property=\"og:image\" content=\"https:\/\/skonnertenmartha.dk\/wp-content\/uploads\/2023\/11\/martah_roed.png\" \/>\n\t<meta property=\"og:image:width\" content=\"1200\" \/>\n\t<meta property=\"og:image:height\" content=\"1200\" \/>\n\t<meta property=\"og:image:type\" content=\"image\/png\" \/>\n<meta name=\"twitter:card\" content=\"summary_large_image\" \/>\n<script type=\"application\/ld+json\" class=\"yoast-schema-graph\">{\"@context\":\"https:\/\/schema.org\",\"@graph\":[{\"@type\":\"WebPage\",\"@id\":\"https:\/\/skonnertenmartha.dk\/index.php\/3318-2\/\",\"url\":\"https:\/\/skonnertenmartha.dk\/index.php\/3318-2\/\",\"name\":\"- Skonnerten Martha\",\"isPartOf\":{\"@id\":\"https:\/\/skonnertenmartha.dk\/#website\"},\"datePublished\":\"2025-12-10T13:18:32+00:00\",\"dateModified\":\"2025-12-10T13:22:40+00:00\",\"inLanguage\":\"da-DK\",\"potentialAction\":[{\"@type\":\"ReadAction\",\"target\":[\"https:\/\/skonnertenmartha.dk\/index.php\/3318-2\/\"]}]},{\"@type\":\"WebSite\",\"@id\":\"https:\/\/skonnertenmartha.dk\/#website\",\"url\":\"https:\/\/skonnertenmartha.dk\/\",\"name\":\"Skonnertenmartha.dk\",\"description\":\"\",\"publisher\":{\"@id\":\"https:\/\/skonnertenmartha.dk\/#organization\"},\"alternateName\":\"skonnert.dk\",\"potentialAction\":[{\"@type\":\"SearchAction\",\"target\":{\"@type\":\"EntryPoint\",\"urlTemplate\":\"https:\/\/skonnertenmartha.dk\/?s={search_term_string}\"},\"query-input\":{\"@type\":\"PropertyValueSpecification\",\"valueRequired\":true,\"valueName\":\"search_term_string\"}}],\"inLanguage\":\"da-DK\"},{\"@type\":\"Organization\",\"@id\":\"https:\/\/skonnertenmartha.dk\/#organization\",\"name\":\"Foreningen til Skonnerten Marthas Restaurering\",\"alternateName\":\"Martha foreningen\",\"url\":\"https:\/\/skonnertenmartha.dk\/\",\"logo\":{\"@type\":\"ImageObject\",\"inLanguage\":\"da-DK\",\"@id\":\"https:\/\/skonnertenmartha.dk\/#\/schema\/logo\/image\/\",\"url\":\"https:\/\/skonnertenmartha.dk\/wp-content\/uploads\/2023\/11\/martah_roed.png\",\"contentUrl\":\"https:\/\/skonnertenmartha.dk\/wp-content\/uploads\/2023\/11\/martah_roed.png\",\"width\":1200,\"height\":1200,\"caption\":\"Foreningen til Skonnerten Marthas Restaurering\"},\"image\":{\"@id\":\"https:\/\/skonnertenmartha.dk\/#\/schema\/logo\/image\/\"},\"sameAs\":[\"https:\/\/www.facebook.com\/SkonnertenMartha.dk\",\"https:\/\/www.instagram.com\/skonnerten_martha\/\",\"https:\/\/www.facebook.com\/groups\/skonnertenmartha.dk\"]}]}<\/script>\n<!-- \/ Yoast SEO plugin. -->","yoast_head_json":{"title":"- Skonnerten Martha","robots":{"index":"index","follow":"follow","max-snippet":"max-snippet:-1","max-image-preview":"max-image-preview:large","max-video-preview":"max-video-preview:-1"},"canonical":"https:\/\/skonnertenmartha.dk\/index.php\/3318-2\/","og_locale":"da_DK","og_type":"article","og_title":"- Skonnerten Martha","og_description":"Vejledninger:ForeningsdokumenterSom vedtaget p\u00e5 generalforsamlingen 2015Som vedtaget p\u00e5 generalforsamlingen 2015SMS - og undervisningsmaterialeDeltagerliste og beskyttede sider:&nbsp; Nogle af medlemssiderne er blevet flyttet, da de indeholdt persondata, som vi \u00f8nsker at beskytte. Log ind p\u00e5 Conventus med dit medlemslogin. Under din profil finder du et link til de interne sider. Adgangskode fremg\u00e5r af Martha Posten. Her kan [&hellip;]","og_url":"https:\/\/skonnertenmartha.dk\/index.php\/3318-2\/","og_site_name":"Skonnerten Martha","article_publisher":"https:\/\/www.facebook.com\/SkonnertenMartha.dk","article_modified_time":"2025-12-10T13:22:40+00:00","og_image":[{"width":1200,"height":1200,"url":"https:\/\/skonnertenmartha.dk\/wp-content\/uploads\/2023\/11\/martah_roed.png","type":"image\/png"}],"twitter_card":"summary_large_image","schema":{"@context":"https:\/\/schema.org","@graph":[{"@type":"WebPage","@id":"https:\/\/skonnertenmartha.dk\/index.php\/3318-2\/","url":"https:\/\/skonnertenmartha.dk\/index.php\/3318-2\/","name":"- Skonnerten Martha","isPartOf":{"@id":"https:\/\/skonnertenmartha.dk\/#website"},"datePublished":"2025-12-10T13:18:32+00:00","dateModified":"2025-12-10T13:22:40+00:00","inLanguage":"da-DK","potentialAction":[{"@type":"ReadAction","target":["https:\/\/skonnertenmartha.dk\/index.php\/3318-2\/"]}]},{"@type":"WebSite","@id":"https:\/\/skonnertenmartha.dk\/#website","url":"https:\/\/skonnertenmartha.dk\/","name":"Skonnertenmartha.dk","description":"","publisher":{"@id":"https:\/\/skonnertenmartha.dk\/#organization"},"alternateName":"skonnert.dk","potentialAction":[{"@type":"SearchAction","target":{"@type":"EntryPoint","urlTemplate":"https:\/\/skonnertenmartha.dk\/?s={search_term_string}"},"query-input":{"@type":"PropertyValueSpecification","valueRequired":true,"valueName":"search_term_string"}}],"inLanguage":"da-DK"},{"@type":"Organization","@id":"https:\/\/skonnertenmartha.dk\/#organization","name":"Foreningen til Skonnerten Marthas Restaurering","alternateName":"Martha foreningen","url":"https:\/\/skonnertenmartha.dk\/","logo":{"@type":"ImageObject","inLanguage":"da-DK","@id":"https:\/\/skonnertenmartha.dk\/#\/schema\/logo\/image\/","url":"https:\/\/skonnertenmartha.dk\/wp-content\/uploads\/2023\/11\/martah_roed.png","contentUrl":"https:\/\/skonnertenmartha.dk\/wp-content\/uploads\/2023\/11\/martah_roed.png","width":1200,"height":1200,"caption":"Foreningen til Skonnerten Marthas Restaurering"},"image":{"@id":"https:\/\/skonnertenmartha.dk\/#\/schema\/logo\/image\/"},"sameAs":["https:\/\/www.facebook.com\/SkonnertenMartha.dk","https:\/\/www.instagram.com\/skonnerten_martha\/","https:\/\/www.facebook.com\/groups\/skonnertenmartha.dk"]}]}},"_links":{"self":[{"href":"https:\/\/skonnertenmartha.dk\/index.php\/wp-json\/wp\/v2\/pages\/3318","targetHints":{"allow":["GET"]}}],"collection":[{"href":"https:\/\/skonnertenmartha.dk\/index.php\/wp-json\/wp\/v2\/pages"}],"about":[{"href":"https:\/\/skonnertenmartha.dk\/index.php\/wp-json\/wp\/v2\/types\/page"}],"author":[{"embeddable":true,"href":"https:\/\/skonnertenmartha.dk\/index.php\/wp-json\/wp\/v2\/users\/1"}],"replies":[{"embeddable":true,"href":"https:\/\/skonnertenmartha.dk\/index.php\/wp-json\/wp\/v2\/comments?post=3318"}],"version-history":[{"count":4,"href":"https:\/\/skonnertenmartha.dk\/index.php\/wp-json\/wp\/v2\/pages\/3318\/revisions"}],"predecessor-version":[{"id":3351,"href":"https:\/\/skonnertenmartha.dk\/index.php\/wp-json\/wp\/v2\/pages\/3318\/revisions\/3351"}],"wp:attachment":[{"href":"https:\/\/skonnertenmartha.dk\/index.php\/wp-json\/wp\/v2\/media?parent=3318"}],"curies":[{"name":"wp","href":"https:\/\/api.w.org\/{rel}","templated":true}]}}